{"id":1576,"date":"2023-08-11T21:33:45","date_gmt":"2023-08-12T02:33:45","guid":{"rendered":"https:\/\/karlydigitalcourses.com\/?post_type=product&#038;p=1576"},"modified":"2024-08-30T09:34:35","modified_gmt":"2024-08-30T14:34:35","slug":"cambiar-tu-vida-es-facil-con-marisa-peer-en-espanol","status":"publish","type":"product","link":"https:\/\/karlydigitalcourses.com\/index.php\/producto\/cambiar-tu-vida-es-facil-con-marisa-peer-en-espanol\/","title":{"rendered":"Cambiar Tu Vida Es F\u00e1cil Con Marisa\u00a0Peer En Espa\u00f1ol"},"content":{"rendered":"<p>La vida que sue\u00f1as est\u00e1 m\u00e1s cerca de lo que piensas.<\/p>\n<p>&nbsp;<\/p>\n<p>Por primera vez en Gaia, Marisa Peer &#8211; una destacada oradora motivacional- te mostrar\u00e1 c\u00f3mo transformar tu vida, aprovechando el poder de tu mente, en este evento de un d\u00eda, en cuatro poderosas sesiones.<\/p>\n<p>&nbsp;<\/p>\n<p>Aprende a dominar tu mente para lograr cambios fenomenales en las \u00e1reas m\u00e1s importantes de tu vida: salud, riqueza, amor y autoestima.<\/p>\n<p>&nbsp;<\/p>\n<p>Descubrir\u00e1s c\u00f3mo:<\/p>\n<p>&nbsp;<\/p>\n<p>&#8211; Desarrollar, sin esfuerzo, h\u00e1bitos alimenticios m\u00e1s saludables para un bienestar \u00f3ptimo<\/p>\n<p>&#8211; Manifestar la abundancia financiera y la libertad que pensabas que estaba fuera de tu alcance<\/p>\n<p>&#8211; Atraer la relaci\u00f3n duradera, significativa y amorosa que te mereces<\/p>\n<p>&#8211; Amarte de verdad, aceptarte y creer en t\u00ed mismo, hasta el punto en que todos los que te rodean lo sientan tambi\u00e9n<\/p>\n<p>&nbsp;<\/p>\n<p>\u2705 Modulo 1: Los secretos del amor duradero<\/p>\n<p>Atrae a una pareja que te apoye y te ame, con quien puedas crear una relaci\u00f3n sana y duradera, tan pronto superes los comportamientos repetitivos que te han saboteado en el pasado.<\/p>\n<p>&nbsp;<\/p>\n<p>\u2705 Modulo 2: Atrae y mant\u00e9n riqueza<br \/>\nElimina definitivamente tus bloqueos en torno al dinero para atraer y mantener la riqueza, la abundancia y la libertad financiera.<\/p>\n<p>&nbsp;<\/p>\n<p>\u2705 Modulo 3: Alcanza una salud \u00f3ptima<br \/>\nDescubre c\u00f3mo elegir -sin esfuerzo- comida m\u00e1s nutritiva, superar los antojos, aumentar la inmunidad y desarrollar una imagen corporal positiva;\u00a0sin dietas ni planes de entrenamiento agotadores.<\/p>\n<p>&nbsp;<\/p>\n<p>\u2705 Modulo 4: La clave de la paz interior profunda<br \/>\nLa paz interior proviene de la autoaceptaci\u00f3n.\u00a0Aprende finalmente a amarte y aceptarte de una forma tan completa que puedas convertirte en tu aliado m\u00e1s solidario y poderoso.<\/p>\n<p>&nbsp;<\/p>\n<p>\u2611 Bonos Extra\u00a0 1<\/p>\n<p>Eliminando creencias limitantes<\/p>\n<p>El gran Poder de tu mente<\/p>\n<p>T\u00e9cnicas contra la cr\u00edtica y rechazo<\/p>\n<p>Movimiento Soy Suficiente<\/p>\n<p>&nbsp;<\/p>\n<p>\u2611 Bonos Extra\u00a0 2<\/p>\n<p>La Depresi\u00f3n<\/p>\n<p>Como Tenerlo Todo<\/p>\n<p>Reprograma tu mente con afirmaciones<\/p>\n<p>Domesticar la mente<\/p>\n<p>Lib\u00e9rate del miedo<\/p>\n<p>Rutina de las personas\u00a0exitosas<\/p>\n","protected":false},"excerpt":{"rendered":"<p>Instructor: Marisa Peer<\/p>\n<p>Contenido: videos<br \/>\nIdiomas del audio: Doblado Al Espa\u00f1ol<br \/>\nAcceso:\u00a0Google\u00a0Drive<\/p>\n","protected":false},"featured_media":1582,"comment_status":"open","ping_status":"closed","template":"","meta":{"site-sidebar-layout":"default","site-content-layout":"default","ast-global-header-display":"","ast-banner-title-visibility":"","ast-main-header-display":"","ast-hfb-above-header-display":"","ast-hfb-below-header-display":"","ast-hfb-mobile-header-display":"","site-post-title":"","ast-breadcrumbs-content":"","ast-featured-img":"","footer-sml-layout":"","theme-transparent-header-meta":"default","adv-header-id-meta":"","stick-header-meta":"","header-above-stick-meta":"","header-main-stick-meta":"","header-below-stick-meta":"","_joinchat":[]},"product_cat":[18],"product_tag":[42],"jetpack_sharing_enabled":true,"_links":{"self":[{"href":"https:\/\/karlydigitalcourses.com\/index.php\/wp-json\/wp\/v2\/product\/1576"}],"collection":[{"href":"https:\/\/karlydigitalcourses.com\/index.php\/wp-json\/wp\/v2\/product"}],"about":[{"href":"https:\/\/karlydigitalcourses.com\/index.php\/wp-json\/wp\/v2\/types\/product"}],"replies":[{"embeddable":true,"href":"https:\/\/karlydigitalcourses.com\/index.php\/wp-json\/wp\/v2\/comments?post=1576"}],"wp:featuredmedia":[{"embeddable":true,"href":"https:\/\/karlydigitalcourses.com\/index.php\/wp-json\/wp\/v2\/media\/1582"}],"wp:attachment":[{"href":"https:\/\/karlydigitalcourses.com\/index.php\/wp-json\/wp\/v2\/media?parent=1576"}],"wp:term":[{"taxonomy":"product_cat","embeddable":true,"href":"https:\/\/karlydigitalcourses.com\/index.php\/wp-json\/wp\/v2\/product_cat?post=1576"},{"taxonomy":"product_tag","embeddable":true,"href":"https:\/\/karlydigitalcourses.com\/index.php\/wp-json\/wp\/v2\/product_tag?post=1576"}],"curies":[{"name":"wp","href":"https:\/\/api.w.org\/{rel}","templated":true}]}}