{"id":1578,"date":"2023-08-11T22:13:17","date_gmt":"2023-08-12T03:13:17","guid":{"rendered":"https:\/\/karlydigitalcourses.com\/?post_type=product&#038;p=1578"},"modified":"2024-08-30T09:34:17","modified_gmt":"2024-08-30T14:34:17","slug":"hipnoterapia-para-la-abundancia-marisa-peer-en-espanol","status":"publish","type":"product","link":"https:\/\/karlydigitalcourses.com\/index.php\/producto\/hipnoterapia-para-la-abundancia-marisa-peer-en-espanol\/","title":{"rendered":"Hipnoterapia Para La Abundancia Marisa Peer En\u00a0Espa\u00f1ol"},"content":{"rendered":"<div class=\"w-full lg_w-2\/3 mx-auto mb-7 md_mb-9 storyblok__outline\" data-blok-c=\"undefined\" data-blok-uid=\"undefined\">\n<div class=\"pb-markdown mv-type--headline5 text-center\">\n<h3>Transforma tu vida con Hipnoterapia transformacional r\u00e1pida<\/h3>\n<p>&nbsp;<\/p>\n<\/div>\n<\/div>\n<div id=\"\" class=\"w-full lg_w-2\/3 mx-auto storyblok__outline\" data-blok-c=\"undefined\" data-blok-uid=\"undefined\">\n<div class=\"pb-markdown mv-type--body\">\n<p>El programa Hipnoterapia transformacional r\u00e1pida para la abundancia te otorga todos los beneficios de esta notable metodolog\u00eda de reprogramaci\u00f3n subconsciente: todo a trav\u00e9s de la gu\u00eda de su creadora, Marisa Peer.<\/p>\n<p>Su plan de estudios altamente optimizado de 35 d\u00edas te brinda resultados casi instant\u00e1neos, comparables a lo que normalmente tomar\u00eda a\u00f1os (y decenas de miles de d\u00f3lares) con sesiones de terapia privada uno a uno.<\/p>\n<p>Lo que experimentas es una profunda transformaci\u00f3n personal a nivel celular: lo que significa que Marisa en realidad desencadena la creaci\u00f3n de nuevos caminos neuronales empoderadores en tu mente.<\/p>\n<p>Estos, a su vez, te permitir\u00e1n canalizar autom\u00e1ticamente nuevos h\u00e1bitos, pensamientos y emociones positivos que te encaminar\u00e1n a la persona que deseas ser.<\/p>\n<p>Incluso los traumas pasados y las influencias externas no deseadas son eliminados, lo que te brinda verdadera libertad para dise\u00f1ar una vida de abundante alegr\u00eda, satisfacci\u00f3n y bienestar.<\/p>\n<p>&nbsp;<\/p>\n<\/div>\n<\/div>\n<div class=\"pb-markdown mv-type--titlebold5 text-center mb-8 md_mb-12 lg_mb-16 lg_w-2\/3 mx-auto\">\n<h3 style=\"text-align: center;\">Explora el plan de estudios de Hipnoterapia<\/h3>\n<h3 style=\"text-align: center;\">transformacional r\u00e1pida para la abundancia<\/h3>\n<p>&nbsp;<\/p>\n<\/div>\n<p><img decoding=\"async\" class=\"aligncenter\" src=\"https:\/\/storyblok-cdn.mindvalley.com\/f\/60579\/2068x1110\/faf3cd7530\/rtha_sp_devices_curriculum_es.png?trans?quality=60&amp;auto=webp&amp;dpr=1.125&amp;width=800\" alt=\"Rapid Transformational Hypnotherapy for Abundance on various devices\" \/><\/p>\n<p>&nbsp;<\/p>\n<p>El Desaf\u00edo de Hipnoterapia transformacional r\u00e1pida para la abundancia es un sencillo proceso para reprogramar tus creencias subconscientes y transformar las \u00e1reas m\u00e1s importantes de tu vida de forma r\u00e1pida, profunda y permanente.<\/p>\n<p>&nbsp;<\/p>\n<p>Durante 35 d\u00edas, acompa\u00f1ar\u00e1s a tu hipnoterapeuta, Marisa Peer, en sencillas lecciones diarias de 20\u201340 minutos, dise\u00f1adas para simular una sesi\u00f3n privada de hipnoterapia con Marisa (que suele costar miles de d\u00f3lares y cuenta con una lista de espera de varios meses).<\/p>\n<p>&nbsp;<\/p>\n<p>Estas lecciones te ayudar\u00e1n a romper por fin los bloqueos mentales y las creencias de autosabotaje que te hacen rechazar subconscientemente la riqueza, el bienestar y el amor.<\/p>\n<p>&nbsp;<\/p>\n<p>Ya sea que te aferres a las creencias financieras de tu infancia, que luches por superar problemas de salud o que intentes romper los ciclos nocivos de disfunci\u00f3n en tus relaciones, finalmente te liberar\u00e1s de cada lucha interna que se interpone entre t\u00fa y la abundancia ilimitada.<\/p>\n<div class=\"flex flex-wrap-reverse lg_flex-wrap lg_items-center storyblok__outline\" data-blok-c=\"undefined\" data-blok-uid=\"undefined\">\n<div class=\"pb-markdown mv-type--body lg_w-1\/3\"><\/div>\n<\/div>\n","protected":false},"excerpt":{"rendered":"<p>La hipnoterapia transformacional r\u00e1pida para la abundancia de Marisa Peer de MindValley es un curso de b\u00fasqueda de 35 d\u00edas y funciona en la salud, la riqueza, las relaciones y la mentalidad.<\/p>\n<p>\u2705 35 lecciones<\/p>\n<p>\u23f1 Duraci\u00f3n: 10 horas 32 minutos<\/p>\n<p>\ud83d\udc42\ud83c\udffbAudio en espa\u00f1ol<\/p>\n<p>Acceso\u00a0Google\u00a0drive<\/p>\n","protected":false},"featured_media":1579,"comment_status":"open","ping_status":"closed","template":"","meta":{"site-sidebar-layout":"default","site-content-layout":"default","ast-global-header-display":"","ast-banner-title-visibility":"","ast-main-header-display":"","ast-hfb-above-header-display":"","ast-hfb-below-header-display":"","ast-hfb-mobile-header-display":"","site-post-title":"","ast-breadcrumbs-content":"","ast-featured-img":"","footer-sml-layout":"","theme-transparent-header-meta":"default","adv-header-id-meta":"","stick-header-meta":"","header-above-stick-meta":"","header-main-stick-meta":"","header-below-stick-meta":"","_joinchat":[]},"product_cat":[18,41],"product_tag":[],"jetpack_sharing_enabled":true,"_links":{"self":[{"href":"https:\/\/karlydigitalcourses.com\/index.php\/wp-json\/wp\/v2\/product\/1578"}],"collection":[{"href":"https:\/\/karlydigitalcourses.com\/index.php\/wp-json\/wp\/v2\/product"}],"about":[{"href":"https:\/\/karlydigitalcourses.com\/index.php\/wp-json\/wp\/v2\/types\/product"}],"replies":[{"embeddable":true,"href":"https:\/\/karlydigitalcourses.com\/index.php\/wp-json\/wp\/v2\/comments?post=1578"}],"wp:featuredmedia":[{"embeddable":true,"href":"https:\/\/karlydigitalcourses.com\/index.php\/wp-json\/wp\/v2\/media\/1579"}],"wp:attachment":[{"href":"https:\/\/karlydigitalcourses.com\/index.php\/wp-json\/wp\/v2\/media?parent=1578"}],"wp:term":[{"taxonomy":"product_cat","embeddable":true,"href":"https:\/\/karlydigitalcourses.com\/index.php\/wp-json\/wp\/v2\/product_cat?post=1578"},{"taxonomy":"product_tag","embeddable":true,"href":"https:\/\/karlydigitalcourses.com\/index.php\/wp-json\/wp\/v2\/product_tag?post=1578"}],"curies":[{"name":"wp","href":"https:\/\/api.w.org\/{rel}","templated":true}]}}