{"id":1595,"date":"2023-08-18T13:32:29","date_gmt":"2023-08-18T18:32:29","guid":{"rendered":"https:\/\/karlydigitalcourses.com\/?post_type=product&#038;p=1595"},"modified":"2024-01-12T12:14:54","modified_gmt":"2024-01-12T17:14:54","slug":"libro-yo-soy-suficiente-marca-tu-espejo-y-cambia-tu-vida-en-espanol","status":"publish","type":"product","link":"https:\/\/karlydigitalcourses.com\/index.php\/producto\/libro-yo-soy-suficiente-marca-tu-espejo-y-cambia-tu-vida-en-espanol\/","title":{"rendered":"Libro &#8211; Yo Soy Suficiente: Marca tu espejo y cambia tu vida.\u00a0(En\u00a0Espa\u00f1ol)"},"content":{"rendered":"<p>Cuando t\u00fa sabes que eres suficiente todos alrededor de ti sabr\u00e1n tambi\u00e9n que<br \/>\neres suficiente.<\/p>\n<p>Tu vida ser\u00e1 tan diferente y mucho mejor cuando tu puedas internalizar tu suficiencia en un nivel tan positivo que impactar\u00e1 tu carrera, tus relaciones y tus niveles de felicidad.<\/p>\n<p>T\u00fa puedes utilizar este poder afirmando que t\u00fa eres suficiente, que siempre<br \/>\nlo has sido y que siempre lo ser\u00e1s, para alcanzar cualquier \u00e9xito en cada \u00e1rea<br \/>\nclave de tu vida.<\/p>\n<p>Cuando lo dices, lo piensas, lo crees, lo automatizas y lo regularizas en tu vida, puedes esperar ver incre\u00edbles mejoras en tus relaciones, tu carrera y en c\u00f3mo te sientes acerca de ti mismo.<\/p>\n<p>&nbsp;<\/p>\n<p>Mientras que esto sucede, tu eres capaz de vivir una vida<br \/>\nfeliz, motivada y segura, no solo de vez en cuando, si no todo el tiempo.<\/p>\n<p>&nbsp;<\/p>\n<p>Yo Soy Suficiente ha sido escrito en un estilo que est\u00e1 dise\u00f1ado a cambiarte<br \/>\ndesde adentro hacia afuera. Utilizando las t\u00e9cnicas ya probadas de Marisa<br \/>\nPeer, te cambia en un nivel personal de tal manera que impactar\u00e1 profunda<br \/>\ny permanentemente la manera en c\u00f3mo te sientes acerca de ti mismo y como<br \/>\notros se sienten acerca de ti.<\/p>\n<p>&nbsp;<\/p>\n<p>Marisa ha sido una terapeuta por m\u00e1s de 30 a\u00f1os y ha desarrollado su propio<br \/>\nm\u00e9todo llamado \u201cTerapia de Transformaci\u00f3n R\u00e1pida\u201d la cual ha ganado<br \/>\nnumerosos premios por su efectividad. Muchas de su t\u00e9cnicas y m\u00e9todos<br \/>\nm\u00e1s efectivos se encuentran en este libro.<\/p>\n<p>&nbsp;<\/p>\n<p>El poder de su estilo y sus t\u00e9cnicas m\u00e1s innovadoras dentro de este libro, te capacitar\u00e1n para lograr resultados poderosos e identificables de una manera r\u00e1pida y permanente. Marisa est\u00e1 apasionada por ayudar a los dem\u00e1s a cambiar, utilizando t\u00e9cnicas sencillas que tienen resultados poderosos y ahora tu puedes utilizarlos para cambiar\u00a0t\u00fa\u00a0vida.<\/p>\n","protected":false},"excerpt":{"rendered":"<p>Este libro est\u00e1 dise\u00f1ado para ayudarte masivamente a elevar tu propio sentido<br \/>\nde auto-valor, as\u00ed lograr\u00e1s gustarte a ti mismo, sentirte bien contigo mismo y<br \/>\ncreer en ti mismo.<\/p>\n<p>\ud83d\udcd6 Libro Digital<\/p>\n<p>\u270d\ud83c\udffb En\u00a0Espa\u00f1ol<\/p>\n","protected":false},"featured_media":1596,"comment_status":"open","ping_status":"closed","template":"","meta":{"site-sidebar-layout":"default","site-content-layout":"default","ast-global-header-display":"","ast-banner-title-visibility":"","ast-main-header-display":"","ast-hfb-above-header-display":"","ast-hfb-below-header-display":"","ast-hfb-mobile-header-display":"","site-post-title":"","ast-breadcrumbs-content":"","ast-featured-img":"","footer-sml-layout":"","theme-transparent-header-meta":"default","adv-header-id-meta":"","stick-header-meta":"","header-above-stick-meta":"","header-main-stick-meta":"","header-below-stick-meta":"","_joinchat":[]},"product_cat":[34],"product_tag":[],"jetpack_sharing_enabled":true,"_links":{"self":[{"href":"https:\/\/karlydigitalcourses.com\/index.php\/wp-json\/wp\/v2\/product\/1595"}],"collection":[{"href":"https:\/\/karlydigitalcourses.com\/index.php\/wp-json\/wp\/v2\/product"}],"about":[{"href":"https:\/\/karlydigitalcourses.com\/index.php\/wp-json\/wp\/v2\/types\/product"}],"replies":[{"embeddable":true,"href":"https:\/\/karlydigitalcourses.com\/index.php\/wp-json\/wp\/v2\/comments?post=1595"}],"wp:featuredmedia":[{"embeddable":true,"href":"https:\/\/karlydigitalcourses.com\/index.php\/wp-json\/wp\/v2\/media\/1596"}],"wp:attachment":[{"href":"https:\/\/karlydigitalcourses.com\/index.php\/wp-json\/wp\/v2\/media?parent=1595"}],"wp:term":[{"taxonomy":"product_cat","embeddable":true,"href":"https:\/\/karlydigitalcourses.com\/index.php\/wp-json\/wp\/v2\/product_cat?post=1595"},{"taxonomy":"product_tag","embeddable":true,"href":"https:\/\/karlydigitalcourses.com\/index.php\/wp-json\/wp\/v2\/product_tag?post=1595"}],"curies":[{"name":"wp","href":"https:\/\/api.w.org\/{rel}","templated":true}]}}