{"id":2175,"date":"2024-04-26T15:28:05","date_gmt":"2024-04-26T20:28:05","guid":{"rendered":"https:\/\/karlydigitalcourses.com\/?post_type=product&#038;p=2175"},"modified":"2025-06-06T22:46:04","modified_gmt":"2025-06-07T03:46:04","slug":"5-days-to-a-powerful-memory-jim-kwik","status":"publish","type":"product","link":"https:\/\/karlydigitalcourses.com\/index.php\/producto\/5-days-to-a-powerful-memory-jim-kwik\/","title":{"rendered":"5 Days To A Powerful Memory Jim Kwik"},"content":{"rendered":"<p>Upgrade yourself with a superhuman memory in just 5 days through science-based tools and exercises that work for anyone at any age. Designed by master mind trainer Jim Kwik.<\/p>\n<p>Meet Jim Kwik<\/p>\n<p>&nbsp;<\/p>\n<p>Jim Kwik, his real name, is the world\u2019s leader in brain performance, mental fitness and memory improvement. He is CEO of Kwik Learning, the premiere online accelerated learning academy with students in 195 countries.<\/p>\n<p>His clients include Google, Virgin, Nike, Zappos, WordPress, SpaceX, Cleveland Clinic, Caltech, Harvard and Singularity University.<\/p>\n<p>Kwik is the author of the NY Times and #1 WSJ bestseller: \u201cLimitless &#8211; Upgrade Your Brain, Learn Anything Faster, Unlock Your Exceptional Life.\u201d He is the host of the acclaimed \u201cKwik Brain\u201d podcast, which is consistently the top educational training show on iTunes with tens of millions of downloads. His mission: No brain\u00a0left\u00a0behind.<\/p>\n","protected":false},"excerpt":{"rendered":"<p>Descubre 5 poderosos trucos para desbloquear tu Supercerebro y aprender m\u00e1s r\u00e1pido, retener m\u00e1s y olvidar menos.<\/p>\n<p>\u2747 5 lecciones<\/p>\n<p>\u2747 Duracion 1 horas 10 minutos<\/p>\n<p>\u2747 Audio en espa\u00f1ol<\/p>\n<p>\u2747 \u00a0Acceso\u00a0Google\u00a0Drive<\/p>\n","protected":false},"featured_media":1562,"comment_status":"open","ping_status":"closed","template":"","meta":{"site-sidebar-layout":"default","site-content-layout":"default","ast-global-header-display":"","ast-banner-title-visibility":"","ast-main-header-display":"","ast-hfb-above-header-display":"","ast-hfb-below-header-display":"","ast-hfb-mobile-header-display":"","site-post-title":"","ast-breadcrumbs-content":"","ast-featured-img":"","footer-sml-layout":"","theme-transparent-header-meta":"default","adv-header-id-meta":"","stick-header-meta":"","header-above-stick-meta":"","header-main-stick-meta":"","header-below-stick-meta":"","_joinchat":[]},"product_cat":[18,19,20],"product_tag":[39],"jetpack_sharing_enabled":true,"_links":{"self":[{"href":"https:\/\/karlydigitalcourses.com\/index.php\/wp-json\/wp\/v2\/product\/2175"}],"collection":[{"href":"https:\/\/karlydigitalcourses.com\/index.php\/wp-json\/wp\/v2\/product"}],"about":[{"href":"https:\/\/karlydigitalcourses.com\/index.php\/wp-json\/wp\/v2\/types\/product"}],"replies":[{"embeddable":true,"href":"https:\/\/karlydigitalcourses.com\/index.php\/wp-json\/wp\/v2\/comments?post=2175"}],"wp:featuredmedia":[{"embeddable":true,"href":"https:\/\/karlydigitalcourses.com\/index.php\/wp-json\/wp\/v2\/media\/1562"}],"wp:attachment":[{"href":"https:\/\/karlydigitalcourses.com\/index.php\/wp-json\/wp\/v2\/media?parent=2175"}],"wp:term":[{"taxonomy":"product_cat","embeddable":true,"href":"https:\/\/karlydigitalcourses.com\/index.php\/wp-json\/wp\/v2\/product_cat?post=2175"},{"taxonomy":"product_tag","embeddable":true,"href":"https:\/\/karlydigitalcourses.com\/index.php\/wp-json\/wp\/v2\/product_tag?post=2175"}],"curies":[{"name":"wp","href":"https:\/\/api.w.org\/{rel}","templated":true}]}}