{"id":2188,"date":"2024-04-26T15:47:25","date_gmt":"2024-04-26T20:47:25","guid":{"rendered":"https:\/\/karlydigitalcourses.com\/?post_type=product&#038;p=2188"},"modified":"2024-04-26T15:47:40","modified_gmt":"2024-04-26T20:47:40","slug":"el-arte-de-la-manifestacion-regan-hillyer-bonus","status":"publish","type":"product","link":"https:\/\/karlydigitalcourses.com\/index.php\/producto\/el-arte-de-la-manifestacion-regan-hillyer-bonus\/","title":{"rendered":"El Arte De La Manifestaci\u00f3n Regan Hillyer + Bonus"},"content":{"rendered":"<h4 style=\"text-align: center;\">Dentro de ti hay 5 superpoderes de creaci\u00f3n \u00fanicos: y con la gu\u00eda de Regan,<\/h4>\n<h4 style=\"text-align: center;\">los despertar\u00e1s a todos en solo 27 d\u00edas.<\/h4>\n<p>&nbsp;<\/p>\n<p>Imag\u00ednese poder crear visiones tan claras y poderosas que se vuelven inevitables. Saber doblar el tejido del tiempo y del espacio seg\u00fan tus deseos. Y sentir pura alegr\u00eda y libertad en cada momento, porque sabes que eres el gran arquitecto de tu propia vida.<\/p>\n<p>Avances como estos son lo que experimenta cuando comienza a aplicar las herramientas de manifestaci\u00f3n optimizadas de Regan en su vida, y la mayor\u00eda de ellas no toman m\u00e1s de 5 a 15 minutos al d\u00eda.<\/p>\n<p>El sistema de Regan transforma a todos: ya seas un profesional experimentado o incluso si nunca has le\u00eddo El Secreto.<\/p>\n<p>La clave de este sistema est\u00e1 en c\u00f3mo despierta cinco superpoderes de creaci\u00f3n fundamentales desde tu interior, que van mucho m\u00e1s all\u00e1 de lo que aprender\u00e1s en los enfoques m\u00e1s comunes de manifestaci\u00f3n:<\/p>\n<p>&nbsp;<\/p>\n<p>1. Visionado: tu capacidad para atravesar la niebla, conectarte con lo que tu alma quiere, verlo con absoluta claridad y permitirlo entrar en tu realidad.<\/p>\n<p>2. Expansi\u00f3n: el acto de expandir tu capacidad energ\u00e9tica y hacer espacio para que tus mayores deseos y visiones fluyan hacia ti.<\/p>\n<p>3. Superar: saber identificar tus l\u00edmites personales, abrazarlos, bailar con ellos y trascenderlos a trav\u00e9s de la alquimia de manifestaci\u00f3n.<\/p>\n<p>4. Hackeo de identidad: entrar en una nueva y mejor versi\u00f3n de uno mismo recodificando su propia identidad e incluso sus estructuras de realidad.<\/p>\n<p>5. Aceleraci\u00f3n de la manifestaci\u00f3n: colapsar tus l\u00edneas de tiempo, desmantelar la ilusi\u00f3n del tiempo y la fricci\u00f3n, y pedir que tus sue\u00f1os y deseos aparezcan en un instante.<\/p>\n<p>&nbsp;<\/p>\n<p>&nbsp;<\/p>\n<h4 style=\"text-align: center;\">Lo que ganar\u00e1s con El Arte de Manifestar<\/h4>\n<p>&nbsp;<\/p>\n<p style=\"text-align: left;\"><strong>1. Haz realidad tus sue\u00f1os en un tiempo r\u00e9cord<\/strong><\/p>\n<p style=\"text-align: left;\">Ya sea iniciar un negocio exitoso, convertir sus ingresos anuales en su sueldo mensual o lograr el cuerpo de sus sue\u00f1os que siempre ha deseado: los grandes objetivos que alguna vez parecieron tan lejanos (y que siempre vinieron con innumerables obst\u00e1culos) ahora comenzar\u00e1n a convertirse en su realidad. con asombrosa velocidad y facilidad, mientras aplica las herramientas de manifestaci\u00f3n acelerada caracter\u00edsticas de Regan.<\/p>\n<p>&nbsp;<\/p>\n<p><strong>2. Obtenga un profundo sentido de confianza en usted mismo y en el camino de su vida.<\/strong><br \/>\nLa confianza, la positividad y una sensaci\u00f3n de seguridad inquebrantable son combustible para el logro de los sue\u00f1os. Ser\u00e1s reconfigurado para encarnar estas emociones incondicionalmente y eliminar toda duda y ansiedad autosaboteadora de tu plano emocional y energ\u00e9tico: de modo que incluso cuando el Las cosas se ponen dif\u00edciles, siempre fluyes, te sientes genial y te mueves en la mejor direcci\u00f3n.<\/p>\n<p><strong>3. Eleva tu calidad de vida y alegr\u00eda en cada momento<\/strong><br \/>\nA medida que domines tus visiones y deseos, notar\u00e1s un nuevo brillo que se extiende a todas las dimensiones de tu realidad. Comenzar\u00e1s a experimentar la vida en un nivel diferente, la calidad de tus pensamientos y emociones cambiar\u00e1 dr\u00e1sticamente y encontrar\u00e1s fuentes de alegr\u00eda y gratitud dondequiera que mires, a menudo incluso en los lugares m\u00e1s improbables.<\/p>\n<p><strong>4. Encarna una mentalidad de \u00e9xito inquebrantable<\/strong><br \/>\nLas personas que logran lo imposible son las que viven como si nada fuera imposible. Dominar\u00e1s esta mentalidad m\u00e1xima a trav\u00e9s de una serie de herramientas que cambian tu identidad m\u00e1s \u00edntima, reorganizan tus estructuras de la realidad y te transforman fundamentalmente a un nivel vibratorio para que el &#8220;\u00e9xito&#8221; se vuelva tan natural para ti como parpadear.<\/p>\n<p>&nbsp;<\/p>\n<p><strong>5. Convi\u00e9rtete en un maestro en el establecimiento y consecuci\u00f3n de objetivos<\/strong><br \/>\nEl arte de la manifestaci\u00f3n y el establecimiento de objetivos se complementan maravillosamente. Si antes experimentaba retrasos en el logro de sus objetivos, e incluso en establecer y concentrarse constantemente en los correctos, ahora obtendr\u00e1 la capacidad de establecer intuitivamente metas inspiradoras que lo elevan, lo impulsan hacia adelante y se manifiestan suavemente cada vez, como si fuera por magia.<\/p>\n<p>&nbsp;<\/p>\n<p><strong>6. Vive tu vida con poderosa intenci\u00f3n, prop\u00f3sito y presencia.<\/strong><br \/>\nA medida que comiences a transformar tu mundo interior, experimentar\u00e1s un salto cu\u00e1ntico en la forma de procesar y abordar tu mundo exterior. Tomar\u00e1s decisiones conscientes que se alinean perfectamente con tu mayor bien, obtendr\u00e1s un sexto sentido para los caminos y las elecciones que te llevan a tu prop\u00f3sito y canalizar\u00e1s tu presencia m\u00e1s plena en cada momento e interacci\u00f3n.<\/p>\n<p>&nbsp;<\/p>\n<p>&nbsp;<\/p>\n<h3 style=\"text-align: center;\"><strong>El\u00a0<\/strong>curr\u00edculo<br \/>\n<strong>Explore el plan de estudios El arte de manifestarse<\/strong><\/h3>\n<p>&nbsp;<\/p>\n<p><img decoding=\"async\" class=\"aligncenter\" src=\"https:\/\/storyblok-cdn.mindvalley.com\/f\/60579\/1728x900\/d3fe4223ee\/tames_sp_devices_jointheprogram.png?trans?quality=60&amp;auto=webp&amp;dpr=1.25&amp;width=696\" alt=\"Program Name on multiple devices\" \/><\/p>\n<p>&nbsp;<\/p>\n<p>&nbsp;<\/p>\n<p>El Arte de Manifestarse es un programa de 27 d\u00edas que despierta tu m\u00e1xima capacidad para visualizar tus deseos, realizarlos a la velocidad del rayo y aceptar tu papel como arquitecto de tus sue\u00f1os y de tu vida.<\/p>\n<p>&nbsp;<\/p>\n<p>Cada d\u00eda, te unir\u00e1s a Regan Hillyer para una lecci\u00f3n en video de 15 a 20 minutos que te guiar\u00e1 a trav\u00e9s de sus ejercicios de manifestaci\u00f3n caracter\u00edsticos, herramientas de mentalidad y trabajo del alma que te transformar\u00e1n paso a paso en un maestro de la creaci\u00f3n consciente.<\/p>\n<p>&nbsp;<\/p>\n<p>A medida que avance en el programa, explorar\u00e1 la verdad sobre lo que realmente es (y lo que no es) manifestarse. Experimentar\u00e1s profundos cambios de identidad que convertir\u00e1n el logro r\u00e1pido y sencillo de objetivos en tu segunda naturaleza.<\/p>\n<p>&nbsp;<\/p>\n<p>Y lo m\u00e1s importante, en s\u00f3lo 27 d\u00edas entrar\u00e1s en una nueva forma de vivir y crear: donde todos tus deseos fluyen hacia ti y para ti, e incluso tus sue\u00f1os m\u00e1s locos se vuelven inevitables.<\/p>\n","protected":false},"excerpt":{"rendered":"<p><strong>Dentro de ti existen 5 superpoderes \u00fanicos de creaci\u00f3n y con la gu\u00eda de Regan despertaras todos ellos en solo 27 d\u00edas\u00a0<\/strong><\/p>\n<p>\u2705 28 Lecciones En Videos<\/p>\n<p>\u2705 7 M\u00f3dulos + 1 Modulo Extra<\/p>\n<p>+ \ud83d\udcd6 Cuaderno De Ejercicios<\/p>\n<p>+ Bonus Extra \u2705 Activaci\u00f3n Adicional &#8211; acelera hol\u00edsticamente la abundancia en tu vida<\/p>\n<p>\u23f1 Duraci\u00f3n: 14 horas 54 minutos<\/p>\n<p>+ 20\u00a0 Audios<\/p>\n<p>\ud83d\udc42\ud83c\udffbAudio en espa\u00f1ol<\/p>\n<p>Acceso\u00a0Google\u00a0drive<\/p>\n","protected":false},"featured_media":1899,"comment_status":"open","ping_status":"closed","template":"","meta":{"site-sidebar-layout":"default","site-content-layout":"default","ast-global-header-display":"","ast-banner-title-visibility":"","ast-main-header-display":"","ast-hfb-above-header-display":"","ast-hfb-below-header-display":"","ast-hfb-mobile-header-display":"","site-post-title":"","ast-breadcrumbs-content":"","ast-featured-img":"","footer-sml-layout":"","theme-transparent-header-meta":"default","adv-header-id-meta":"","stick-header-meta":"","header-above-stick-meta":"","header-main-stick-meta":"","header-below-stick-meta":"","_joinchat":[]},"product_cat":[18,19,41],"product_tag":[24],"jetpack_sharing_enabled":true,"_links":{"self":[{"href":"https:\/\/karlydigitalcourses.com\/index.php\/wp-json\/wp\/v2\/product\/2188"}],"collection":[{"href":"https:\/\/karlydigitalcourses.com\/index.php\/wp-json\/wp\/v2\/product"}],"about":[{"href":"https:\/\/karlydigitalcourses.com\/index.php\/wp-json\/wp\/v2\/types\/product"}],"replies":[{"embeddable":true,"href":"https:\/\/karlydigitalcourses.com\/index.php\/wp-json\/wp\/v2\/comments?post=2188"}],"wp:featuredmedia":[{"embeddable":true,"href":"https:\/\/karlydigitalcourses.com\/index.php\/wp-json\/wp\/v2\/media\/1899"}],"wp:attachment":[{"href":"https:\/\/karlydigitalcourses.com\/index.php\/wp-json\/wp\/v2\/media?parent=2188"}],"wp:term":[{"taxonomy":"product_cat","embeddable":true,"href":"https:\/\/karlydigitalcourses.com\/index.php\/wp-json\/wp\/v2\/product_cat?post=2188"},{"taxonomy":"product_tag","embeddable":true,"href":"https:\/\/karlydigitalcourses.com\/index.php\/wp-json\/wp\/v2\/product_tag?post=2188"}],"curies":[{"name":"wp","href":"https:\/\/api.w.org\/{rel}","templated":true}]}}