{"id":2246,"date":"2024-04-26T18:21:12","date_gmt":"2024-04-26T23:21:12","guid":{"rendered":"https:\/\/karlydigitalcourses.com\/?post_type=product&#038;p=2246"},"modified":"2024-08-30T09:33:54","modified_gmt":"2024-08-30T14:33:54","slug":"une-vie-sans-limites-by-marisa-en-francais","status":"publish","type":"product","link":"https:\/\/karlydigitalcourses.com\/index.php\/producto\/une-vie-sans-limites-by-marisa-en-francais\/","title":{"rendered":"Une Vie Sans Limites By Marisa (En Fran\u00e7ais)"},"content":{"rendered":"<section id=\"why-this-program\" class=\"pb-Container why-this-program pb-navigable storyblok__outline\" data-name=\"Why This Program\" data-blok-c=\"undefined\" data-blok-uid=\"undefined\">\n<section class=\"storyblok__outline\" data-blok-c=\"undefined\" data-blok-uid=\"undefined\">\n<section id=\"38\" class=\"pb-Container 25-solution storyblok__outline\" data-name=\"2.5 Solution\" data-blok-c=\"undefined\" data-blok-uid=\"undefined\">\n<div id=\"\" class=\"mv-container items-start lg_items-center flex flex-wrap storyblok__outline\" data-blok-c=\"undefined\" data-blok-uid=\"undefined\">\n<div class=\"w-full lg_w-2\/3 mx-auto mb-7 md_mb-9 storyblok__outline\" data-blok-c=\"undefined\" data-blok-uid=\"undefined\">\n<div class=\"pb-markdown mv-type--headline5 text-center storyblok__outline\" data-blok-c=\"undefined\" data-blok-uid=\"undefined\">\n<h3 style=\"text-align: center;\">\u00c9veillez le super-performeur qui sommeille en vous<\/h3>\n<p>&nbsp;<\/p>\n<\/div>\n<\/div>\n<div id=\"\" class=\"w-full lg_w-2\/3 mx-auto storyblok__outline\" data-blok-c=\"undefined\" data-blok-uid=\"undefined\">\n<div class=\"pb-markdown mv-type--body storyblok__outline\" data-blok-c=\"undefined\" data-blok-uid=\"undefined\">\n<p>Le programme\u00a0<em>Une Vie sans Limites<\/em>\u00a0vous guide \u00e0 travers le processus acclam\u00e9 d&#8217;Hypnoth\u00e9rapie de Transformation Rapide de Marisa Peer, afin de cr\u00e9er un changement profond et durable dans votre programmation int\u00e9rieure et dans votre vie.<\/p>\n<p>Comme le montrent de nombreuses \u00e9tudes scientifiques, le processus d&#8217;Hypnoth\u00e9rapie de Transformation Rapide reprogramme litt\u00e9ralement votre cerveau pour une performance optimale, et s&#8217;est m\u00eame r\u00e9v\u00e9l\u00e9 \u00eatre un traitement prometteur contre la d\u00e9pression, la gestion de la douleur, le stress et bien plus encore.<\/p>\n<p>Ce processus d\u00e9clenche une profonde transformation de l&#8217;ensemble de votre constitution neurologique, vous amenant \u00e0 penser, ressentir et percevoir \u00e0 un tout autre niveau.<\/p>\n<p>Dans cet \u00e9tat, vos peurs, vos d\u00e9pendances et vos anxi\u00e9t\u00e9s disparaissent. Et vous commencez \u00e0 atteindre vos objectifs avec beaucoup moins de r\u00e9sistance, qu&#8217;il s&#8217;agisse de gagner un revenu extraordinaire, d&#8217;\u00eatre une rockstar au sein de votre entreprise ou dans votre carri\u00e8re, ou encore d&#8217;exceller dans vos relations personnelles.<\/p>\n<p>&nbsp;<\/p>\n<\/div>\n<\/div>\n<div class=\"mv-container storyblok__outline\" data-blok-c=\"undefined\" data-blok-uid=\"undefined\">\n<div class=\"w-full text-center lg_w-2\/3 mx-auto storyblok__outline\" data-blok-c=\"undefined\" data-blok-uid=\"undefined\">\n<div class=\"pb-markdown mv-type--titlebold4 text-center mb-8 md_mb-10 lg_mb-12 storyblok__outline\" data-blok-c=\"undefined\" data-blok-uid=\"undefined\">\n<h2 style=\"text-align: center;\">Le programme<\/h2>\n<\/div>\n<\/div>\n<\/div>\n<div id=\"\" class=\"mv-container storyblok__outline\" data-blok-c=\"undefined\" data-blok-uid=\"undefined\">\n<div class=\"pb-markdown mv-type--titlebold5 text-center mb-8 md_mb-12 lg_mb-16 lg_w-2\/3 mx-auto storyblok__outline\" data-blok-c=\"undefined\" data-blok-uid=\"undefined\">\n<h3 style=\"text-align: center;\">Explorez le programme d\u2019Une Vie sans Limites<\/h3>\n<p>&nbsp;<\/p>\n<\/div>\n<p><img fetchpriority=\"high\" decoding=\"async\" class=\"aligncenter\" src=\"https:\/\/storyblok-cdn.mindvalley.com\/f\/60579\/2068x1110\/83d33826b4\/ul_sp_devices_curriculum_fr.png?trans?quality=60&amp;auto=webp&amp;dpr=1.25&amp;width=752\" alt=\"Disponible sur votre ordinateur personnel, tablette, smartphone et Apple TV\" width=\"730\" height=\"392\" \/><\/p>\n<\/div>\n<p>Le programme Une Vie sans Limites est une immersion de 8 semaines dans les profondeurs de votre cerveau, ainsi que dans les sch\u00e9mas de pens\u00e9e et les mod\u00e8les de r\u00e9alit\u00e9 qui fa\u00e7onnent votre vie.<\/p>\n<p>&nbsp;<\/p>\n<p>Chaque semaine, vous rejoindrez Marisa Peer pour une s\u00e9rie de s\u00e9ances interactives d&#8217;Hypnoth\u00e9rapie de Transformation Rapide, une pour chacun des huit changements d&#8217;\u00e9tat d&#8217;esprit. Ces s\u00e9ances vous donneront les moyens de vous \u00e9panouir gr\u00e2ce \u00e0 des tutoriels, des s\u00e9ances de questions-r\u00e9ponses et des exercices d\u2019hypnose con\u00e7us pour vous permettre de lib\u00e9rer votre plein potentiel de super-performeur.<\/p>\n<p>&nbsp;<\/p>\n<p>Chacune de ces transformations d\u00e9clenche une actualisation fulgurante de qualit\u00e9s telles que l\u2019assurance, l&#8217;estime de soi, les performances professionnelles, les relations, la confiance en soi, l&#8217;\u00e9thique professionnelle et bien d&#8217;autres encore : autant de tremplins vers une vie sans limites.<\/p>\n<p>&nbsp;<\/p>\n<p>C&#8217;est une exp\u00e9rience lib\u00e9ratrice et enrichissante qui prend moins de deux heures par semaine. Et peut-\u00eatre pour la premi\u00e8re fois de votre vie, elle vous ouvrira les yeux et vous guidera vers ce dont vous \u00eates vraiment capable.<\/p>\n<\/div>\n<\/section>\n<\/section>\n<\/section>\n<section id=\"meet-your-trainer\" class=\"pb-Container meet-your-trainer mv-section__gutter pb-navigable storyblok__outline\" data-name=\"Meet Your Trainer\" data-blok-c=\"undefined\" data-blok-uid=\"undefined\">\n<div id=\"\" class=\"mv-section__gutter--small storyblok__outline\" data-blok-c=\"undefined\" data-blok-uid=\"undefined\">\n<section class=\"storyblok__outline\" data-blok-c=\"undefined\" data-blok-uid=\"undefined\">\n<section id=\"44\" class=\"pb-Container about-author storyblok__outline\" data-name=\"About Author\" data-blok-c=\"undefined\" data-blok-uid=\"undefined\">\n<div id=\"\" class=\"mv-container storyblok__outline\" data-blok-c=\"undefined\" data-blok-uid=\"undefined\">\n<div id=\"\" class=\"w-full text-center storyblok__outline\" data-blok-c=\"undefined\" data-blok-uid=\"undefined\">\n<div class=\"pb-markdown mv-type--titlebold5 text-center mb-8 lg_mb-14 lg_w-2\/3 mx-auto storyblok__outline\" data-blok-c=\"undefined\" data-blok-uid=\"undefined\"><\/div>\n<\/div>\n<\/div>\n<\/section>\n<\/section>\n<\/div>\n<\/section>\n","protected":false},"excerpt":{"rendered":"<h3>\u00c9veillez le super-performeur qui sommeille en vous<\/h3>\n<p>\u2705 Le\u00e7on 24<\/p>\n<p>\u23f1 21 Heures 51 Minutes<\/p>\n<p>\ud83d\udc42\ud83c\udffbAudio en fran\u00e7ais<\/p>\n<p>Acc\u00e9der \u00e0 Google Drive<\/p>\n","protected":false},"featured_media":1812,"comment_status":"open","ping_status":"closed","template":"","meta":{"site-sidebar-layout":"default","site-content-layout":"default","ast-global-header-display":"","ast-banner-title-visibility":"","ast-main-header-display":"","ast-hfb-above-header-display":"","ast-hfb-below-header-display":"","ast-hfb-mobile-header-display":"","site-post-title":"","ast-breadcrumbs-content":"","ast-featured-img":"","footer-sml-layout":"","theme-transparent-header-meta":"default","adv-header-id-meta":"","stick-header-meta":"","header-above-stick-meta":"","header-main-stick-meta":"","header-below-stick-meta":"","_joinchat":[]},"product_cat":[18,19,49],"product_tag":[],"jetpack_sharing_enabled":true,"_links":{"self":[{"href":"https:\/\/karlydigitalcourses.com\/index.php\/wp-json\/wp\/v2\/product\/2246"}],"collection":[{"href":"https:\/\/karlydigitalcourses.com\/index.php\/wp-json\/wp\/v2\/product"}],"about":[{"href":"https:\/\/karlydigitalcourses.com\/index.php\/wp-json\/wp\/v2\/types\/product"}],"replies":[{"embeddable":true,"href":"https:\/\/karlydigitalcourses.com\/index.php\/wp-json\/wp\/v2\/comments?post=2246"}],"wp:featuredmedia":[{"embeddable":true,"href":"https:\/\/karlydigitalcourses.com\/index.php\/wp-json\/wp\/v2\/media\/1812"}],"wp:attachment":[{"href":"https:\/\/karlydigitalcourses.com\/index.php\/wp-json\/wp\/v2\/media?parent=2246"}],"wp:term":[{"taxonomy":"product_cat","embeddable":true,"href":"https:\/\/karlydigitalcourses.com\/index.php\/wp-json\/wp\/v2\/product_cat?post=2246"},{"taxonomy":"product_tag","embeddable":true,"href":"https:\/\/karlydigitalcourses.com\/index.php\/wp-json\/wp\/v2\/product_tag?post=2246"}],"curies":[{"name":"wp","href":"https:\/\/api.w.org\/{rel}","templated":true}]}}