{"id":2554,"date":"2025-02-09T15:31:16","date_gmt":"2025-02-09T20:31:16","guid":{"rendered":"https:\/\/karlydigitalcourses.com\/?post_type=product&#038;p=2554"},"modified":"2025-02-09T15:31:16","modified_gmt":"2025-02-09T20:31:16","slug":"salto-cuantico-burt-goldman-mindvalley-en-espanol","status":"publish","type":"product","link":"https:\/\/karlydigitalcourses.com\/index.php\/producto\/salto-cuantico-burt-goldman-mindvalley-en-espanol\/","title":{"rendered":"Salto Cu\u00e1ntico Burt Goldman Mindvalley En Espa\u00f1ol"},"content":{"rendered":"<h2 style=\"text-align: center;\">CREA UN NUEVO YO CON EL SALTO CU\u00c1NTICO DE MINDVALLEY POR BURT GOLDMAN<\/h2>\n<p>&nbsp;<\/p>\n<p>Basado en el trabajo del difunto pionero de la ciencia mental Burt Goldman,\u00a0<strong>el Salto Cu\u00e1ntico<\/strong> <strong>de Mindvalley<\/strong> es un m\u00e9todo de visualizaci\u00f3n avanzado como ning\u00fan otro. Aprovecha tu mente para conocer versiones alternativas de ti en el multiverso y encarna la sabidur\u00eda, las habilidades y la inspiraci\u00f3n que necesitas para dise\u00f1ar tu realidad definitiva.<\/p>\n<p>&nbsp;<\/p>\n<div class=\"pb-markdown min-h-fit mv-type--titlebold8 storyblok__outline\" data-v-65686310=\"\" data-blok-c=\"undefined\" data-blok-uid=\"undefined\">\n<p>Un programa para la persona que quiere llegar m\u00e1s lejos, dominar nuevas habilidades y capacidades y dar el paso hacia la vida que siempre ha so\u00f1ado.<\/p>\n<p>&nbsp;<\/p>\n<\/div>\n<div class=\"pb-markdown min-h-fit mv-type--body mt-4 storyblok__outline\" data-v-65686310=\"\" data-blok-c=\"undefined\" data-blok-uid=\"undefined\">\n<p>\u00bfA\u00fan recuerdas tus sue\u00f1os m\u00e1s preciados de la infancia?<\/p>\n<p>&nbsp;<\/p>\n<p>Tal vez quer\u00edas subirte a una nave espacial y navegar por el cosmos, cantar a todo pulm\u00f3n en los escenarios m\u00e1s grandes del mundo, aparecer en la portada de la revista TIME o inventar algo que cambiara el mundo.<\/p>\n<p>&nbsp;<\/p>\n<p><em>\u00bfQu\u00e9 pas\u00f3 con esos sue\u00f1os?<\/em><\/p>\n<p>Lo m\u00e1s probable es que hayas crecido y comenzado a vivir en el \u201cmundo real\u201d: un lugar donde tus sue\u00f1os quedaron sepultados bajo un trabajo estable, una carrera profesional, un fondo de pensiones y todas esas otras actividades que la gente llama \u201crealistas\u201d.<\/p>\n<\/div>\n<p>&nbsp;<\/p>\n<p style=\"text-align: center;\"><strong>\u00bfPero qu\u00e9 pasar\u00eda si en alg\u00fan lugar, en una infinidad de universos alternativos, existieran versiones de ti que hicieron realidad esos sue\u00f1os?<\/strong><\/p>\n<p>&nbsp;<\/p>\n<p>T\u00fa, el astronauta. T\u00fa, la estrella de rock. T\u00fa, el multimillonario. T\u00fa, el inventor.<\/p>\n<p>\u00bfY si hubiera una manera de encontrar estos yo alternativos\u2026 aprender de ellos\u2026 y absorber sus mayores habilidades y sabidur\u00eda en tu propia realidad?<\/p>\n<p><em>\u00bfC\u00f3mo cambiar\u00eda tu vida si pudieras hacer esto? \u00bfY c\u00f3mo ser\u00eda posible?<\/em><\/p>\n<p>Utilizado por m\u00e1s de 70.000 personas en todo el mundo,\u00a0<strong>Salto Cu\u00e1ntico de Mindvalley<\/strong>\u00a0es un m\u00e9todo de visualizaci\u00f3n revolucionario que lleva tu mente en un viaje a trav\u00e9s del multiverso, donde dise\u00f1ar\u00e1s una vida de potencial ilimitado a trav\u00e9s de encuentros v\u00edvidos con tus yoes alternativos.<\/p>\n<p>&nbsp;<\/p>\n<h2>UN M\u00c9TODO DE VISUALIZACI\u00d3N AVANZADO QUE SUENA DE OTRO MUNDO: PORQUE LO ES<\/h2>\n<p>&nbsp;<\/p>\n<p>Cient\u00edficos como Hawking y Einstein dedicaron gran parte de su carrera a explorar la existencia de universos alternativos. Incluso es un tema candente en la ciencia ficci\u00f3n, m\u00e1s recientemente en pel\u00edculas como\u00a0<em>Doctor Strange y Everything Everywhere All At Once<\/em>\u00a0.<\/p>\n<p>&nbsp;<\/p>\n<p>Pero no es necesario comprometerse con la teor\u00eda de realidades alternativas para transformar tu vida con el Salto Cu\u00e1ntico: uno de los m\u00e9todos de visualizaci\u00f3n creativa m\u00e1s poderosos (e inusuales) jam\u00e1s creados.<\/p>\n<p>&nbsp;<\/p>\n<p>Creado por el difunto pionero de la ciencia de la mente Burt Goldman, aprovecha d\u00e9cadas de investigaci\u00f3n en campos como la visualizaci\u00f3n, la hipnosis, la meditaci\u00f3n y los estados alterados\u2026<\/p>\n<p>&nbsp;<\/p>\n<p>Y los combina en una \u00fanica t\u00e9cnica que involucra tu mente subconsciente de una manera sorprendente y profundamente gratificante.<\/p>\n<p>&nbsp;<\/p>\n<p><strong>Cuando haces un salto cu\u00e1ntico, entras en el nivel alfa de la mente: donde te visualizas volando a trav\u00e9s del multiverso y conociendo versiones alternativas de ti mismo con las experiencias y habilidades que necesitas en tu propia realidad.<\/strong><\/p>\n<p>&nbsp;<\/p>\n<p>Ya sea que est\u00e9 buscando un avance profesional o financiero\u2026 dominar una nueva habilidad, un idioma o un instrumento musical\u2026 sanar la mente, el cuerpo o el alma\u2026 o incluso una soluci\u00f3n a un desaf\u00edo \u00abimposible\u00bb\u2026<\/p>\n<p>Al participar en intercambios v\u00edvidos con sus yoes alternativos, obtiene el poder y la inspiraci\u00f3n para crecer, transformarse y trascender a la velocidad del rayo.<\/p>\n<p>El Salto Cu\u00e1ntico te da las claves para ampliar tu filtro de posibilidades y aprovechar todo tu potencial: mucho m\u00e1s all\u00e1 de los bloqueos subconscientes que te frenan en esta realidad.<\/p>\n<p>&nbsp;<\/p>\n<div id=\"\" class=\"w-full lg_w-2\/3 mx-auto mb-7 md_mb-9 min-h-fit storyblok__outline\" data-v-65686310=\"\" data-blok-c=\"undefined\" data-blok-uid=\"undefined\">\n<div class=\"pb-markdown min-h-fit mv-type--headline5 text-center storyblok__outline\" data-v-65686310=\"\" data-blok-c=\"undefined\" data-blok-uid=\"undefined\">\n<h3 style=\"text-align: center;\">Salto cu\u00e1ntico en 4 sencillos pasos<\/h3>\n<p>&nbsp;<\/p>\n<p><img fetchpriority=\"high\" decoding=\"async\" class=\"cld-responsive rounded ls-is-cached lazyloaded alignnone\" src=\"https:\/\/storyblok-cdn.mindvalley.com\/f\/60579\/3200x1800\/28c2825067\/qj_sp_steps.jpg?quality=60&amp;auto=webp&amp;dpr=1&amp;width=800\" alt=\"4 sencillos pasos para realizar el salto cu\u00e1ntico\" width=\"960\" height=\"540\" data-v-6f873c74=\"\" data-blok-c=\"undefined\" data-blok-uid=\"undefined\" \/><\/p>\n<p>&nbsp;<\/p>\n<\/div>\n<h2 data-blok-c=\"undefined\" data-blok-uid=\"undefined\">\u00bfQUE APRENDER\u00c1S EN SALTO CU\u00c1NTICO?<\/h2>\n<p>&nbsp;<\/p>\n<ol>\n<li><strong>Aprende y domina cualquier nueva habilidad.<\/strong>\n<p class=\"mv-type--body\">Desde instrumentos musicales hasta idiomas extranjeros, arte, deportes, habilidades profesionales y m\u00e1s, tu b\u00fasqueda del dominio de cualquier cosa comienza con un Salto Cu\u00e1ntico. Como descubrir\u00e1s r\u00e1pidamente, el Salto Cu\u00e1ntico acelera dr\u00e1sticamente tu crecimiento y aprendizaje, y te brinda una hiperconciencia de dones, talentos y habilidades latentes que tu mente consciente a\u00fan no ha descubierto.<\/p>\n<\/li>\n<li><strong>Encuentra las respuestas, la inspiraci\u00f3n y las soluciones que necesitas<\/strong>\n<p class=\"mv-type--body\">El salto cu\u00e1ntico es una excelente herramienta para resolver problemas y pensar de manera innovadora. Al permitirle acceder a dimensiones previamente inaccesibles de su mente subconsciente, el salto cu\u00e1ntico le abre una fuente de inspiraci\u00f3n y creatividad ilimitadas, que luego puede canalizar hacia las respuestas y soluciones que necesita para salir del estancamiento y avanzar.<\/p>\n<\/li>\n<li><strong>Establezca metas y visiones impresionantes<\/strong>\n<p class=\"mv-type--body\">Cuando haces un Salto Cu\u00e1ntico, expandes enormemente tu alcance y horizonte de posibilidades. Metas y objetivos que antes parec\u00edan imposibles ahora parecen estar a tu alcance. Te das cuenta de que eres digno y m\u00e1s que capaz de lograrlos. E incluso obtienes la claridad y la inspiraci\u00f3n para trazar un camino claro hacia ellos.<\/p>\n<\/li>\n<li><strong>Manifiesta tus sue\u00f1os y deseos<\/strong>\n<p class=\"mv-type--body\">La manifestaci\u00f3n exitosa es una funci\u00f3n de tus pensamientos, emociones y confianza en ti mismo. Y debido a que el Salto Cu\u00e1ntico te inunda con una gran cantidad de claridad e inspiraci\u00f3n edificantes, tambi\u00e9n es combustible para cohetes para manifestar tus deseos r\u00e1pidamente. Simplemente haz el Salto Cu\u00e1ntico hacia un universo donde ya has logrado esos sue\u00f1os y observa c\u00f3mo se hacen realidad en tu propia realidad.<\/p>\n<\/li>\n<li><strong>Ilumina tu gu\u00eda intuitiva<\/strong>\n<p class=\"mv-type--body\">A veces, la vida te lleva a una encrucijada. Ya sea un gran cambio profesional, una decisi\u00f3n rom\u00e1ntica o una oportunidad arriesgada, puede resultar complicado decidir qu\u00e9 opci\u00f3n tomar o qu\u00e9 camino tomar. La buena noticia es que tu inteligencia intuitiva siempre sabe la mejor respuesta y, cuando realizas un Salto Cu\u00e1ntico, obtienes acceso total a su gu\u00eda de precisi\u00f3n l\u00e1ser.<\/p>\n<\/li>\n<li><strong>Sana tu mente, cuerpo y alma.<\/strong>\n<p class=\"mv-type--body\">Ya sea que est\u00e9s buscando curar una herida o trauma emocional, resolver una crisis espiritual o incluso aliviar un dolor o dolencia f\u00edsica, el salto cu\u00e1ntico puede ser una poderosa fuente de curaci\u00f3n cuando lo usas para ingresar a un universo donde te sientes, te ves y est\u00e1s en la cima de la salud y el bienestar.<\/p>\n<\/li>\n<li><strong>Profundiza tus pr\u00e1cticas de meditaci\u00f3n y atenci\u00f3n plena<\/strong>\n<p class=\"mv-type--body\">Cuando se combina con tus pr\u00e1cticas favoritas de meditaci\u00f3n o atenci\u00f3n plena, el Salto Cu\u00e1ntico se convierte en una puerta de entrada a viajes internos m\u00e1s profundos, una autoconciencia profunda y una unidad espiritual con el Universo y tu Ser Superior.<\/p>\n<\/li>\n<\/ol>\n<\/div>\n<p>&nbsp;<\/p>\n<div class=\"pb-markdown min-h-fit mv-type--titlebold5 text-center mb-8 md_mb-12 lg_mb-16 lg_w-2\/3 mx-auto storyblok__outline\" data-v-65686310=\"\" data-blok-c=\"undefined\" data-blok-uid=\"undefined\">\n<h2>EXPLORA EL PLAN DE ESTUDIO<\/h2>\n<p>&nbsp;<\/p>\n<\/div>\n<p><img decoding=\"async\" class=\"aligncenter\" src=\"https:\/\/storyblok-cdn.mindvalley.com\/f\/60579\/2068x1110\/a99e40ad39\/qj_sp_devices_curriculum.png?quality=60&amp;auto=webp&amp;dpr=1&amp;width=800\" alt=\"Salto cu\u00e1ntico en m\u00faltiples dispositivos\" \/><\/p>\n<div class=\"flex flex-wrap-reverse lg_flex-wrap lg_items-center min-h-fit storyblok__outline\" data-v-65686310=\"\" data-blok-c=\"undefined\" data-blok-uid=\"undefined\">\n<div class=\"pb-markdown min-h-fit mv-type--body lg_w-1\/3 storyblok__outline\" data-v-65686310=\"\" data-blok-c=\"undefined\" data-blok-uid=\"undefined\">\n<p>Salto Cu\u00e1ntico de Mindvalley es un programa en l\u00ednea que te gu\u00eda a trav\u00e9s de cada paso de la exploraci\u00f3n del multiverso y el encuentro con tus yoes alternativos a trav\u00e9s del poder de la visualizaci\u00f3n avanzada.<\/p>\n<p>&nbsp;<\/p>\n<p>Te unir\u00e1s al creador de Salto Cu\u00e1ntico, Burt Goldman, en una serie de lecciones multimedia, visualizaciones y ejercicios mentales de nivel alfa para dominar esta pr\u00e1ctica transformacional.<\/p>\n<p>&nbsp;<\/p>\n<p>El programa est\u00e1 dise\u00f1ado para estudiarlo f\u00e1cilmente a su propio ritmo y no es necesaria experiencia previa: una mente abierta es la \u00fanica herramienta que necesita para seguirlo y convertirse en un saltador cu\u00e1ntico altamente capaz.<\/p>\n<p>&nbsp;<\/p>\n<p>Y al final del programa, ser\u00e1s totalmente capaz de realizar tus propios Saltos Cu\u00e1nticos: tan a menudo como quieras y para cualquier objetivo o deseo.<\/p>\n<\/div>\n<\/div>\n","protected":false},"excerpt":{"rendered":"<h4 style=\"text-align: left;\">CREA UN NUEVO YO CON EL SALTO CU\u00c1NTICO DE MINDVALLEY POR BURT GOLDMAN<\/h4>\n<p>\u2705 40 Lecciones<\/p>\n<p>\u23f1 Duraci\u00f3n: 15 horas 29 minutos<\/p>\n<p>\ud83d\udc42\ud83c\udffbAudio en espa\u00f1ol<\/p>\n<p>Acceso\u00a0Google\u00a0drive<\/p>\n","protected":false},"featured_media":2555,"comment_status":"open","ping_status":"closed","template":"","meta":{"site-sidebar-layout":"default","site-content-layout":"default","ast-global-header-display":"","ast-banner-title-visibility":"","ast-main-header-display":"","ast-hfb-above-header-display":"","ast-hfb-below-header-display":"","ast-hfb-mobile-header-display":"","site-post-title":"","ast-breadcrumbs-content":"","ast-featured-img":"","footer-sml-layout":"","theme-transparent-header-meta":"default","adv-header-id-meta":"","stick-header-meta":"","header-above-stick-meta":"","header-main-stick-meta":"","header-below-stick-meta":"","_joinchat":[]},"product_cat":[18,19,41],"product_tag":[],"jetpack_sharing_enabled":true,"_links":{"self":[{"href":"https:\/\/karlydigitalcourses.com\/index.php\/wp-json\/wp\/v2\/product\/2554"}],"collection":[{"href":"https:\/\/karlydigitalcourses.com\/index.php\/wp-json\/wp\/v2\/product"}],"about":[{"href":"https:\/\/karlydigitalcourses.com\/index.php\/wp-json\/wp\/v2\/types\/product"}],"replies":[{"embeddable":true,"href":"https:\/\/karlydigitalcourses.com\/index.php\/wp-json\/wp\/v2\/comments?post=2554"}],"wp:featuredmedia":[{"embeddable":true,"href":"https:\/\/karlydigitalcourses.com\/index.php\/wp-json\/wp\/v2\/media\/2555"}],"wp:attachment":[{"href":"https:\/\/karlydigitalcourses.com\/index.php\/wp-json\/wp\/v2\/media?parent=2554"}],"wp:term":[{"taxonomy":"product_cat","embeddable":true,"href":"https:\/\/karlydigitalcourses.com\/index.php\/wp-json\/wp\/v2\/product_cat?post=2554"},{"taxonomy":"product_tag","embeddable":true,"href":"https:\/\/karlydigitalcourses.com\/index.php\/wp-json\/wp\/v2\/product_tag?post=2554"}],"curies":[{"name":"wp","href":"https:\/\/api.w.org\/{rel}","templated":true}]}}