{"id":2715,"date":"2025-06-29T15:38:17","date_gmt":"2025-06-29T20:38:17","guid":{"rendered":"https:\/\/karlydigitalcourses.com\/?post_type=product&#038;p=2715"},"modified":"2025-06-29T15:38:17","modified_gmt":"2025-06-29T20:38:17","slug":"soyez-extraordinaire-by-vishen-en-francais","status":"publish","type":"product","link":"https:\/\/karlydigitalcourses.com\/index.php\/producto\/soyez-extraordinaire-by-vishen-en-francais\/","title":{"rendered":"Soyez Extraordinaire By Vishen (En Fran\u00e7ais)"},"content":{"rendered":"<div class=\"w-full lg_w-2\/3 mx-auto mb-7 md_mb-9 min-h-fit storyblok__outline\" data-v-65686310=\"\" data-blok-c=\"undefined\" data-blok-uid=\"undefined\">\n<div class=\"pb-markdown min-h-fit mv-type--headline5 text-center storyblok__outline\" data-v-65686310=\"\" data-blok-c=\"undefined\" data-blok-uid=\"undefined\">\n<h3 style=\"text-align: center;\">Am\u00e9liorez votre conscience. Am\u00e9liorez votre vie.<\/h3>\n<\/div>\n<p>&nbsp;<\/p>\n<\/div>\n<div id=\"\" class=\"w-full md_w-2\/3 mx-auto min-h-fit storyblok__outline\" data-v-65686310=\"\" data-blok-c=\"undefined\" data-blok-uid=\"undefined\"><img fetchpriority=\"high\" decoding=\"async\" class=\"aligncenter\" src=\"https:\/\/storyblok-cdn.mindvalley.com\/f\/60579\/1280x720\/6ce7941ad4\/sp_solution_landscape_fr.jpg?trans?quality=60&amp;auto=webp&amp;dpr=1&amp;width=auto\" alt=\"Four Levels of Human Consciousness\" width=\"781\" height=\"439\" \/><\/div>\n<div data-v-65686310=\"\" data-blok-c=\"undefined\" data-blok-uid=\"undefined\">\n<p><em>Soyez Extraordinaire<\/em>\u00a0est une Qu\u00eate du fondateur de Mindvalley, Vishen Lakhiani, visant \u00e0 \u00e9lever votre niveau de conscience, afin que vous puissiez vous d\u00e9tacher de vos mod\u00e8les de r\u00e9alit\u00e9 limitants et accomplir votre potentiel infini dans tous les domaines de votre vie.<\/p>\n<p>La m\u00e9thode est bas\u00e9e sur quatre niveaux ascendants de conscience humaine.<\/p>\n<p>&nbsp;<\/p>\n<p>Toutes les personnes sur la plan\u00e8te op\u00e8rent actuellement \u00e0 partir de l&#8217;un de ces niveaux. Ceux-ci influencent la fa\u00e7on dont nous percevons et vivons notre vie et, en retour, notre capacit\u00e9 de r\u00e9ussite, d&#8217;impact, d\u2019\u00e9panouissement, de paix et de connexion.<\/p>\n<p>La plupart d&#8217;entre nous passent leur vie \u00e0 op\u00e9rer depuis l&#8217;un des niveaux inf\u00e9rieurs. Cependant, il est tout \u00e0 fait possible de s&#8217;\u00e9lever aux niveaux sup\u00e9rieurs, \u00e0 condition de suivre les \u00e9tapes ad\u00e9quates.<\/p>\n<p>&nbsp;<\/p>\n<p>C&#8217;est l\u00e0 que le programme\u00a0<em>Soyez Extraordinaire<\/em>\u00a0entre en jeu. Il vous aide tout d&#8217;abord \u00e0 d\u00e9terminer le niveau auquel vous \u00eates actuellement, avant de vous donner les outils et connaissances n\u00e9cessaires pour vous \u00e9lever.<\/p>\n<p>&nbsp;<\/p>\n<p>Voici une explication d\u00e9taill\u00e9e de chaque niveau :<\/p>\n<p>&nbsp;<\/p>\n<p><strong>NIVEAU 1<\/strong><\/p>\n<p>75 % de la population de la plan\u00e8te se trouve \u00e0 ce niveau. Ici, notre mode de vie repose sur notre conditionnement soci\u00e9tal, culturel et \u00e9ducatif. \u00c0 ce niveau, la plupart d&#8217;entre nous sont contraints par des id\u00e9es telles que : \u00ab Tu as besoin d&#8217;un dipl\u00f4me universitaire. \u00bb Ou : \u00ab Tu dois trouver un emploi et \u00e9pargner pour la retraite. \u00bb Ou m\u00eame : \u00ab Il faut aller \u00e0 l&#8217;\u00e9glise tous les dimanches. \u00bb<\/p>\n<p>En remettant en question ces mod\u00e8les de la soci\u00e9t\u00e9 humaine, vous commencez \u00e0 vous \u00e9lever au second niveau.<\/p>\n<p>&nbsp;<\/p>\n<p><strong>NIVEAU 2<\/strong><\/p>\n<p>Le niveau 2 est \u00ab L&#8217;\u00c9veil \u00bb. C&#8217;est l\u00e0 que s\u2019\u00e9tablit le d\u00e9veloppement personnel. Ici, vous commencez \u00e0 explorer de nouvelles fa\u00e7ons d&#8217;interagir avec le monde. C&#8217;est l\u00e0 que vous d\u00e9couvrez des concepts comme la m\u00e9ditation, l&#8217;apprentissage rapide, la transformation personnelle et le biohacking. C&#8217;est \u00e0 ce moment que vous commencez \u00e0 vous \u00e9lever au-del\u00e0 de ce que la plupart des personnes font, devenant ainsi extraordinaire.<\/p>\n<p>Mais c&#8217;est loin d&#8217;\u00eatre le plus haut niveau possible.<\/p>\n<p>&nbsp;<\/p>\n<p><strong>NIVEAU 3<\/strong><\/p>\n<p>Le niveau 3 est l\u2019objectif premier de la m\u00e9thode de\u00a0<em>Soyez Extraordinaire.<\/em>\u00a0\u00c0 ce niveau, vous avez remis en question tellement d\u2019id\u00e9es du monde traditionnel que vous \u00eates maintenant \u00ab au service d\u2019un appel sup\u00e9rieur \u00bb.<\/p>\n<p>&nbsp;<\/p>\n<p>C&#8217;est l\u00e0 que vous d\u00e9couvrez que de nouvelles capacit\u00e9s commencent \u00e0 \u00e9merger en vous, y compris un sentiment de connexion avec toute l&#8217;humanit\u00e9 et toute existence. Un sentiment d&#8217;\u00eatre compl\u00e8tement connect\u00e9 \u00e0 votre intuition et votre sagesse int\u00e9rieure. Un sentiment de puissance de pouvoir cr\u00e9atif acc\u00e9l\u00e9r\u00e9, gr\u00e2ce auquel vos pens\u00e9es deviennent r\u00e9alit\u00e9 \u00e0 une vitesse fulgurante. Et m\u00eame un sentiment de connexion \u00e0 une puissance sup\u00e9rieure, comme si l&#8217;Univers lui-m\u00eame soutenait votre cause.<\/p>\n<p>&nbsp;<\/p>\n<p><strong>NIVEAU 4<\/strong><\/p>\n<p>C&#8217;est un niveau d&#8217;Unit\u00e9 mystique rare avec tout ce que \u00e7a comprend. Le programme\u00a0<em>Soyez Extraordinaire<\/em>\u00a0se concentre principalement sur les \u00e9tapes 2 et 3, dans lesquelles les avantages les plus tangibles vous attendent.<\/p>\n<p>&nbsp;<\/p>\n<p>Cependant, gr\u00e2ce \u00e0 cette nouvelle version actualis\u00e9e de la m\u00e9thode, vous apprendrez enfin comment commencer \u00e0 acc\u00e9der \u00e0 ce niveau insaisissable gr\u00e2ce \u00e0 ce que l\u2019on appelle la \u00ab Technique de Fusionnement \u00bb.<\/p>\n<p>&nbsp;<\/p>\n<\/div>\n<p>&nbsp;<\/p>\n<div class=\"mv-container min-h-fit storyblok__outline\" style=\"text-align: center;\" data-v-65686310=\"\" data-blok-c=\"undefined\" data-blok-uid=\"undefined\">\n<div class=\"w-full text-center lg_w-2\/3 mx-auto min-h-fit storyblok__outline\" data-v-65686310=\"\" data-blok-c=\"undefined\" data-blok-uid=\"undefined\">\n<div class=\"pb-markdown min-h-fit mv-type--titlebold4 text-center mb-8 md_mb-10 lg_mb-12 storyblok__outline\" data-v-65686310=\"\" data-blok-c=\"undefined\" data-blok-uid=\"undefined\">\n<h2>Le Programme<\/h2>\n<\/div>\n<\/div>\n<\/div>\n<div id=\"\" class=\"mv-container min-h-fit storyblok__outline\" data-v-65686310=\"\" data-blok-c=\"undefined\" data-blok-uid=\"undefined\">\n<div class=\"pb-markdown min-h-fit mv-type--titlebold5 text-center mb-8 md_mb-12 lg_mb-16 lg_w-2\/3 mx-auto storyblok__outline\" data-v-65686310=\"\" data-blok-c=\"undefined\" data-blok-uid=\"undefined\">\n<h3 style=\"text-align: center;\">Explorez le programme de\u00a0<em>Soyez Extraordinaire<\/em><\/h3>\n<\/div>\n<p>&nbsp;<\/p>\n<\/div>\n<div data-v-65686310=\"\" data-blok-c=\"undefined\" data-blok-uid=\"undefined\"><img decoding=\"async\" class=\"aligncenter\" src=\"https:\/\/storyblok-cdn.mindvalley.com\/f\/60579\/2068x1110\/a11fc188c9\/be_sp_devices_curriculum_fr.png?trans?quality=60&amp;auto=webp&amp;dpr=1&amp;width=auto\" alt=\"Be Extraordinary on various devices\" width=\"753\" height=\"404\" \/><\/div>\n<div data-v-65686310=\"\" data-blok-c=\"undefined\" data-blok-uid=\"undefined\"><\/div>\n<div data-v-65686310=\"\" data-blok-c=\"undefined\" data-blok-uid=\"undefined\">\n<p>La Qu\u00eate\u00a0<em>Soyez Extraordinaire<\/em>\u00a0vous guide \u00e0 travers un programme facile \u00e0 suivre de 30 jours. Vous vous concentrerez chaque jour sur un unique aspect de l\u2019\u00e9l\u00e9vation \u00e0 travers les 4 niveaux de la conscience humaine, vous permettant d&#8217;\u00e9voluer et de grandir \u00e0 un rythme r\u00e9gulier et agr\u00e9able.<\/p>\n<p>&nbsp;<\/p>\n<p>Tout au long de la Qu\u00eate, vous examinerez en profondeur vos propres syst\u00e8mes de vie et mod\u00e8les de r\u00e9alit\u00e9. Vous verrez vos propres mod\u00e8les et croyances sous un tout nouveau jour. De plus, vous obtiendrez 18 outils efficaces que vous pourrez utiliser pour am\u00e9liorer instantan\u00e9ment votre programmation interne, vous permettant de transformer \u00e0 jamais votre fa\u00e7on de penser, de fonctionner et d\u2019interagir avec le monde.<\/p>\n<p>&nbsp;<\/p>\n<p>En arrivant \u00e0 la fin de la Qu\u00eate, vous disposerez de tous les outils et id\u00e9es n\u00e9cessaires pour commencer \u00e0 vivre \u00e0 partir d&#8217;un niveau de conscience plus \u00e9lev\u00e9, et \u00e0 profiter enfin pleinement de votre d\u00e9veloppement personnel.<\/p>\n<\/div>\n","protected":false},"excerpt":{"rendered":"<div class=\"w-full lg_w-2\/3 mx-auto mb-7 md_mb-9 min-h-fit storyblok__outline\" data-v-199920cb=\"\" data-blok-c=\"undefined\" data-blok-uid=\"undefined\">\n<div class=\"pb-markdown min-h-fit mv-type--headline5 text-center storyblok__outline\" data-v-199920cb=\"\" data-blok-c=\"undefined\" data-blok-uid=\"undefined\">\n<div class=\"w-full lg_w-2\/3 mx-auto mb-7 md_mb-9 min-h-fit storyblok__outline\" data-v-199920cb=\"\" data-blok-c=\"undefined\" data-blok-uid=\"undefined\">\n<div class=\"pb-markdown min-h-fit mv-type--headline5 text-center storyblok__outline\" data-v-199920cb=\"\" data-blok-c=\"undefined\" data-blok-uid=\"undefined\">\n<div id=\"\" class=\"w-full lg_w-2\/3 mx-auto mb-7 md_mb-9 min-h-fit storyblok__outline\" data-v-199920cb=\"\" data-blok-c=\"undefined\" data-blok-uid=\"undefined\">\n<div class=\"pb-markdown min-h-fit mv-type--headline5 text-center storyblok__outline\" data-v-199920cb=\"\" data-blok-c=\"undefined\" data-blok-uid=\"undefined\">\n<div class=\"w-full lg_w-2\/3 mx-auto mb-7 md_mb-9 min-h-fit storyblok__outline\" data-v-65686310=\"\" data-blok-c=\"undefined\" data-blok-uid=\"undefined\">\n<div class=\"pb-markdown min-h-fit mv-type--headline5 text-center storyblok__outline\" data-v-65686310=\"\" data-blok-c=\"undefined\" data-blok-uid=\"undefined\">\n<h3>Am\u00e9liorez votre conscience. Am\u00e9liorez votre vie.<\/h3>\n<\/div>\n<\/div>\n<div id=\"\" class=\"w-full md_w-2\/3 mx-auto min-h-fit storyblok__outline\" data-v-65686310=\"\" data-blok-c=\"undefined\" data-blok-uid=\"undefined\"><\/div>\n<\/div>\n<\/div>\n<\/div>\n<\/div>\n<\/div>\n<\/div>\n<p>\u2705 Le\u00e7on 30<\/p>\n<p>\u23f1 10 Heures 4 Minutes<\/p>\n<p>\ud83d\udc42\ud83c\udffbAudio en fran\u00e7ais<\/p>\n<p>Acc\u00e9der \u00e0 Google Drive<\/p>\n","protected":false},"featured_media":2716,"comment_status":"open","ping_status":"closed","template":"","meta":{"site-sidebar-layout":"default","site-content-layout":"default","ast-global-header-display":"","ast-banner-title-visibility":"","ast-main-header-display":"","ast-hfb-above-header-display":"","ast-hfb-below-header-display":"","ast-hfb-mobile-header-display":"","site-post-title":"","ast-breadcrumbs-content":"","ast-featured-img":"","footer-sml-layout":"","theme-transparent-header-meta":"default","adv-header-id-meta":"","stick-header-meta":"","header-above-stick-meta":"","header-main-stick-meta":"","header-below-stick-meta":"","_joinchat":[]},"product_cat":[18,19,49],"product_tag":[],"jetpack_sharing_enabled":true,"_links":{"self":[{"href":"https:\/\/karlydigitalcourses.com\/index.php\/wp-json\/wp\/v2\/product\/2715"}],"collection":[{"href":"https:\/\/karlydigitalcourses.com\/index.php\/wp-json\/wp\/v2\/product"}],"about":[{"href":"https:\/\/karlydigitalcourses.com\/index.php\/wp-json\/wp\/v2\/types\/product"}],"replies":[{"embeddable":true,"href":"https:\/\/karlydigitalcourses.com\/index.php\/wp-json\/wp\/v2\/comments?post=2715"}],"wp:featuredmedia":[{"embeddable":true,"href":"https:\/\/karlydigitalcourses.com\/index.php\/wp-json\/wp\/v2\/media\/2716"}],"wp:attachment":[{"href":"https:\/\/karlydigitalcourses.com\/index.php\/wp-json\/wp\/v2\/media?parent=2715"}],"wp:term":[{"taxonomy":"product_cat","embeddable":true,"href":"https:\/\/karlydigitalcourses.com\/index.php\/wp-json\/wp\/v2\/product_cat?post=2715"},{"taxonomy":"product_tag","embeddable":true,"href":"https:\/\/karlydigitalcourses.com\/index.php\/wp-json\/wp\/v2\/product_tag?post=2715"}],"curies":[{"name":"wp","href":"https:\/\/api.w.org\/{rel}","templated":true}]}}