{"id":2718,"date":"2025-06-29T15:49:12","date_gmt":"2025-06-29T20:49:12","guid":{"rendered":"https:\/\/karlydigitalcourses.com\/?post_type=product&#038;p=2718"},"modified":"2025-06-29T15:49:12","modified_gmt":"2025-06-29T20:49:12","slug":"le-super-pouvoir-du-sixieme-sens-by-sonia-choquette-mindvalley-en-francais","status":"publish","type":"product","link":"https:\/\/karlydigitalcourses.com\/index.php\/producto\/le-super-pouvoir-du-sixieme-sens-by-sonia-choquette-mindvalley-en-francais\/","title":{"rendered":"Le Super-pouvoir du Sixi\u00e8me Sens &#8211; by Sonia Choquette Mindvalley  (En Fran\u00e7ais)"},"content":{"rendered":"<div class=\"pb-markdown min-h-fit mv-type--titlebold3 storyblok__outline\" data-v-65686310=\"\" data-blok-c=\"undefined\" data-blok-uid=\"undefined\">\n<h1 style=\"text-align: center;\">Lib\u00e9rez votre intelligence intuitive<\/h1>\n<h1 style=\"text-align: center;\">avec Sonia Choquette<\/h1>\n<\/div>\n<div class=\"pb-markdown min-h-fit mv-type--title5 storyblok__outline\" style=\"text-align: center;\" data-v-65686310=\"\" data-blok-c=\"undefined\" data-blok-uid=\"undefined\"><\/div>\n<div data-v-65686310=\"\" data-blok-c=\"undefined\" data-blok-uid=\"undefined\">Rejoignez Sonia Choquette, la meilleure professeure d&#8217;intuition au monde, qui vous guidera pour exploiter et faire confiance \u00e0 votre voix int\u00e9rieure, tant au travail que dans votre vie personnelle. Adh\u00e9rez \u00e0 Mindvalley et vivez une vie de clart\u00e9, de courage et d&#8217;inspiration sans limites.<\/div>\n<div data-v-65686310=\"\" data-blok-c=\"undefined\" data-blok-uid=\"undefined\"><\/div>\n<div data-v-65686310=\"\" data-blok-c=\"undefined\" data-blok-uid=\"undefined\"><\/div>\n<div data-v-65686310=\"\" data-blok-c=\"undefined\" data-blok-uid=\"undefined\">\n<div class=\"pb-markdown min-h-fit mv-type--titlebold8 storyblok__outline\" data-v-65686310=\"\" data-blok-c=\"undefined\" data-blok-uid=\"undefined\">\n<h5>Un programme pour la personne qui souhaite \u00e9couter sa voix int\u00e9rieure et la laisser la guider vers les meilleurs r\u00e9sultats<\/h5>\n<p>&nbsp;<\/p>\n<\/div>\n<div class=\"pb-markdown min-h-fit mv-type--body mt-4 storyblok__outline\" data-v-65686310=\"\" data-blok-c=\"undefined\" data-blok-uid=\"undefined\">\n<p>Si votre voix int\u00e9rieure vous poussait \u00e0 prendre une d\u00e9cision qui changerait votre vie\u2026 pourriez-vous lui faire confiance et franchir le pas ?<\/p>\n<p>Une nouvelle carri\u00e8re palpitante mais risqu\u00e9e. Une chance de vivre une histoire d&#8217;amour de conte de f\u00e9es. Une affaire plus importante que tout ce que vous avez jamais r\u00e9alis\u00e9. L&#8217;occasion de prendre un nouveau d\u00e9part.<\/p>\n<p>&nbsp;<\/p>\n<p>M\u00eame lorsque votre esprit rationnel et vos \u00e9motions se bousculent pour faire le meilleur choix : votre\u00a0<strong>intuition<\/strong>\u00a0<ins>toujours<\/ins>a la r\u00e9ponse.<\/p>\n<p>&nbsp;<\/p>\n<p><strong>Mais combien d\u2019entre nous savent \u00e9couter (et\u00a0<em>faire confiance<\/em>\u00a0) \u00e0 leur voix int\u00e9rieure ?<\/strong><\/p>\n<p>Selon Sonia Choquette, largement connue comme la meilleure professeure d&#8217;intuition au monde, la soci\u00e9t\u00e9 moderne a\u00a0<strong>\u00e9teint<\/strong>\u00a0notre sixi\u00e8me sens au profit d&#8217;une pens\u00e9e intellectuelle \u00e9troite.<\/p>\n<p>&nbsp;<\/p>\n<p>Cet arr\u00eat collectif est souvent la cause profonde de nos angoisses et de nos ins\u00e9curit\u00e9s les plus profondes : alors que ceux qui le transcendent comptent parmi les personnes les plus extraordinaires de la plan\u00e8te.<\/p>\n<p>&nbsp;<\/p>\n<p>Une \u00e9tude historique de 10 ans sur les PDG men\u00e9e par John Mihalasky du Newark College of Engineering a r\u00e9v\u00e9l\u00e9 une corr\u00e9lation ind\u00e9niable entre l\u2019intelligence intuitive et la performance de l\u2019entreprise.<\/p>\n<p>&nbsp;<\/p>\n<p>De m\u00eame, de brillants artistes, inventeurs et innovateurs ont, \u00e0 travers les \u00e2ges, puis\u00e9 leur voix int\u00e9rieure pour r\u00e9aliser l&#8217;impossible. Comme l&#8217;a dit Steve Jobs\u00a0:<\/p>\n<p>&nbsp;<\/p>\n<p><em>\u00ab Ayez le courage de suivre votre c\u0153ur et votre intuition. Ils savent d\u00e9j\u00e0, d&#8217;une certaine mani\u00e8re, ce que vous voulez vraiment devenir. Tout le reste est secondaire. \u00bb<\/em><\/p>\n<p>&nbsp;<\/p>\n<p><strong>Sixth Sense Superpower est un voyage vers l&#8217;intelligence intuitive avec laquelle vous \u00eates n\u00e9.<\/strong><\/p>\n<p>Avec Sonia comme guide, vous d\u00e9couvrirez comment exploiter votre intuition pour faire vos meilleurs choix, grands et petits.<\/p>\n<p>Pour insuffler \u00e0 votre travail et \u00e0 votre vie une inspiration, une cr\u00e9ativit\u00e9 et une croissance sans limites.<\/p>\n<p>&nbsp;<\/p>\n<p>Et pour naviguer \u00e0 chaque instant avec clart\u00e9 et confiance, sachant que votre voix int\u00e9rieure vous guide toujours dans la bonne direction.<\/p>\n<p>&nbsp;<\/p>\n<\/div>\n<div class=\"w-full lg_w-2\/3 mx-auto mb-7 md_mb-9 min-h-fit storyblok__outline\" data-v-65686310=\"\" data-blok-c=\"undefined\" data-blok-uid=\"undefined\">\n<div class=\"pb-markdown min-h-fit mv-type--headline5 text-center storyblok__outline\" data-v-65686310=\"\" data-blok-c=\"undefined\" data-blok-uid=\"undefined\">\n<h3 style=\"text-align: center;\">R\u00e9veillez votre intelligence intuitive en 20 jours gr\u00e2ce \u00e0 un processus signature con\u00e7u par Sonia Choquette<\/h3>\n<p>&nbsp;<\/p>\n<\/div>\n<\/div>\n<div id=\"\" class=\"w-full lg_w-2\/3 mx-auto min-h-fit storyblok__outline\" data-v-65686310=\"\" data-blok-c=\"undefined\" data-blok-uid=\"undefined\">\n<div class=\"pb-markdown min-h-fit mv-type--body storyblok__outline\" data-v-65686310=\"\" data-blok-c=\"undefined\" data-blok-uid=\"undefined\">\n<ol>\n<li>Vous \u00eates guid\u00e9 vers l&#8217;int\u00e9rieur, o\u00f9 vous d\u00e9couvrirez comment calmer votre cerveau, communiquer avec vous-m\u00eame \u00e0 un niveau vibratoire et\u00a0<strong>trouver l&#8217;interrupteur ON<\/strong>\u00a0pour votre intuition.<\/li>\n<li>Vous commencez\u00a0<strong>\u00e0 exp\u00e9rimenter votre intuition<\/strong>\u00a0pour vous-m\u00eame &#8211; non seulement avec votre esprit, mais de mani\u00e8re holistique avec votre c\u0153ur et votre \u00e2me \u00e0 travers le travail respiratoire, la m\u00e9ditation et d&#8217;autres modalit\u00e9s du sixi\u00e8me sens.<\/li>\n<li>Vous disposez ensuite des\u00a0<strong>outils et des techniques<\/strong>\u00a0n\u00e9cessaires pour amplifier votre intuition et l\u2019exploiter dans la prise de d\u00e9cision, la pens\u00e9e cr\u00e9ative, la r\u00e9solution de probl\u00e8mes et d\u2019autres domaines cl\u00e9s de votre vie et de votre travail.<\/li>\n<li>Vous \u00eates form\u00e9 pour\u00a0<strong>conna\u00eetre instinctivement la diff\u00e9rence<\/strong>\u00a0entre les impulsions \u00e9motionnelles qui pourraient vous \u00e9garer et les conseils authentiques et pr\u00e9cis qui proviennent de votre intelligence intuitive.<\/li>\n<li>Et enfin, vous concevez une nouvelle vie\u00a0<strong>guid\u00e9e par l\u2019intuition<\/strong>\u00a0o\u00f9 votre voix int\u00e9rieure vous guide \u00e0 chaque instant de chaque jour vers vos meilleurs choix, r\u00e9sultats et opportunit\u00e9s.<\/li>\n<\/ol>\n<p>&nbsp;<\/p>\n<\/div>\n<div id=\"\" class=\"mv-container min-h-fit storyblok__outline\" data-v-65686310=\"\" data-blok-c=\"undefined\" data-blok-uid=\"undefined\">\n<div class=\"w-full text-center lg_w-2\/3 mx-auto min-h-fit storyblok__outline\" data-v-65686310=\"\" data-blok-c=\"undefined\" data-blok-uid=\"undefined\">\n<div class=\"pb-markdown min-h-fit mv-type--titlebold4 text-center storyblok__outline\" data-v-65686310=\"\" data-blok-c=\"undefined\" data-blok-uid=\"undefined\">\n<h2 style=\"text-align: center;\">Le programme<\/h2>\n<\/div>\n<\/div>\n<\/div>\n<div id=\"\" class=\"mv-container mv-section__gutter--small min-h-fit storyblok__outline\" data-v-65686310=\"\" data-blok-c=\"undefined\" data-blok-uid=\"undefined\">\n<div class=\"pb-markdown min-h-fit mv-type--titlebold5 text-center mb-8 md_mb-12 lg_mb-16 lg_w-2\/3 mx-auto storyblok__outline\" data-v-65686310=\"\" data-blok-c=\"undefined\" data-blok-uid=\"undefined\">\n<h3 style=\"text-align: center;\">Explorez le programme Superpower du Sixi\u00e8me Sens<\/h3>\n<p><img fetchpriority=\"high\" decoding=\"async\" class=\"aligncenter\" src=\"https:\/\/storyblok-cdn.mindvalley.com\/f\/60579\/2068x1110\/de16146d00\/sss_sp_devices_curriculum.png?quality=60&amp;auto=webp&amp;dpr=1.100000023841858&amp;width=800\" alt=\"Superpouvoir du sixi\u00e8me sens sur plusieurs appareils\" width=\"727\" height=\"390\" \/><\/p>\n<p>Sixth Sense Superpower est un programme en ligne de 20 jours pour r\u00e9cup\u00e9rer, amplifier et forger une confiance inconditionnelle dans votre intelligence intuitive.<\/p>\n<p>&nbsp;<\/p>\n<p>Chaque jour, vous rejoindrez Sonia Choquette pour une le\u00e7on vid\u00e9o de 20 minutes, alors qu&#8217;elle vous guidera \u00e0 travers ses outils et techniques de signature pour incarner votre nouvelle vie ax\u00e9e sur l&#8217;intuition.<\/p>\n<p>&nbsp;<\/p>\n<p>L&#8217;accent principal de ce programme est\u00a0<strong>l&#8217;exp\u00e9rience personnelle<\/strong>\u00a0. Vos plus grandes avanc\u00e9es ne seront ni apprises ni intellectualis\u00e9es, mais plut\u00f4t\u00a0<em>ressenties<\/em>\u00a0lors de rencontres immersives avec votre voix int\u00e9rieure \u2013 et la clart\u00e9, le courage et l&#8217;\u00e9nergie cr\u00e9atrice instantan\u00e9s que vous en tirerez.<\/p>\n<p>&nbsp;<\/p>\n<p>Et \u00e0 la fin des 20 jours, vous serez pleinement pr\u00eat \u00e0 incarner votre nouvelle vie guid\u00e9e par l&#8217;intuition : o\u00f9 vous \u00eates votre plus grand guide, et le chemin vers la croissance et l&#8217;\u00e9panouissement est toujours clair.<\/p>\n<p>&nbsp;<\/p>\n<\/div>\n<\/div>\n<\/div>\n<div class=\"mv-container text-center mb-4 md_mb-8 lg_mb-10 min-h-fit storyblok__outline\" data-v-65686310=\"\" data-blok-c=\"undefined\" data-blok-uid=\"undefined\">\n<div class=\"pb-markdown min-h-fit mv-type--titlebold5 text-center w-full lg_w-2\/3 mx-auto storyblok__outline\" data-v-65686310=\"\" data-blok-c=\"undefined\" data-blok-uid=\"undefined\">\n<h3>Bonus inclus lorsque vous vous inscrivez aujourd&#8217;hui<\/h3>\n<\/div>\n<\/div>\n<div id=\"\" class=\"mv-container --full flex flex-wrap min-h-fit storyblok__outline\" data-v-65686310=\"\" data-blok-c=\"undefined\" data-blok-uid=\"undefined\">\n<div id=\"\" class=\"mv-scroll-x__parent--tablet w-full lg_w-5\/6 mx-auto flex flex-no-wrap lg_flex-wrap min-h-fit storyblok__outline\" data-v-65686310=\"\" data-blok-c=\"undefined\" data-blok-uid=\"undefined\">\n<div id=\"\" class=\"mv-scroll-x__child--tablet my-4 min-h-fit storyblok__outline\" data-v-65686310=\"\" data-blok-c=\"undefined\" data-blok-uid=\"undefined\">\n<div id=\"\" class=\"mv-card --bonus flex flex-wrap-reverse md_flex-wrap items-start lg_items-center min-h-fit storyblok__outline\" data-v-65686310=\"\" data-blok-c=\"undefined\" data-blok-uid=\"undefined\">\n<div class=\"md_w-2\/3 pr-0 md_pr-8 lg_pr-12 mt-5 md_mt-0 min-h-fit storyblok__outline\" data-v-65686310=\"\" data-blok-c=\"undefined\" data-blok-uid=\"undefined\">\n<div class=\"pb-markdown min-h-fit mv-type--title6 storyblok__outline\" data-v-65686310=\"\" data-blok-c=\"undefined\" data-blok-uid=\"undefined\"><img decoding=\"async\" class=\"\" src=\"https:\/\/storyblok-cdn.mindvalley.com\/f\/60579\/600x600\/b8a332c41a\/sss_sp_bonus_1.jpg?quality=60&amp;auto=webp&amp;dpr=1.100000023841858&amp;width=269\" alt=\"Mettez du texte alternatif ici\" width=\"216\" height=\"216\" \/><\/div>\n<div data-v-65686310=\"\" data-blok-c=\"undefined\" data-blok-uid=\"undefined\">\n<div class=\"pb-markdown min-h-fit mv-type--title6 storyblok__outline\" data-v-65686310=\"\" data-blok-c=\"undefined\" data-blok-uid=\"undefined\">\n<p>Bonus n\u00b01 :<\/p>\n<\/div>\n<div class=\"pb-markdown min-h-fit mv-type--titlebold7 storyblok__outline\" data-v-65686310=\"\" data-blok-c=\"undefined\" data-blok-uid=\"undefined\">\n<h4>Illuminez votre intention quotidienne avec l&#8217;audio de m\u00e9ditation guid\u00e9e Intuition<\/h4>\n<p>&nbsp;<\/p>\n<\/div>\n<div class=\"pb-markdown min-h-fit mv-type--body mt-4 storyblok__outline\" data-v-65686310=\"\" data-blok-c=\"undefined\" data-blok-uid=\"undefined\">\n<p>D\u00e9couvrez votre nouveau rituel matinal pr\u00e9f\u00e9r\u00e9. Cette m\u00e9ditation audio guid\u00e9e vous guidera intuitivement pour la journ\u00e9e, vous guidera vers les bons choix et vous permettra d&#8217;\u00eatre vous-m\u00eame. Utilisez-la chaque matin ou \u00e0 tout moment de la journ\u00e9e pour vous recentrer sur vos objectifs et vos intentions.<\/p>\n<p><img decoding=\"async\" src=\"https:\/\/storyblok-cdn.mindvalley.com\/f\/60579\/600x600\/b799d48256\/sss_sp_bonus_2.jpg?quality=60&amp;auto=webp&amp;dpr=1.100000023841858&amp;width=269\" alt=\"Mettez du texte alternatif ici\" \/><\/p>\n<div class=\"pb-markdown min-h-fit mv-type--title6 storyblok__outline\" data-v-65686310=\"\" data-blok-c=\"undefined\" data-blok-uid=\"undefined\">\n<p>Bonus n\u00b02 :<\/p>\n<\/div>\n<div class=\"pb-markdown min-h-fit mv-type--titlebold7 storyblok__outline\" data-v-65686310=\"\" data-blok-c=\"undefined\" data-blok-uid=\"undefined\">\n<h4>D\u00e9tendez-vous dans votre esprit intuitif M\u00e9ditation audio guid\u00e9e par la voix<\/h4>\n<p>&nbsp;<\/p>\n<\/div>\n<div class=\"pb-markdown min-h-fit mv-type--body mt-4 storyblok__outline\" data-v-65686310=\"\" data-blok-c=\"undefined\" data-blok-uid=\"undefined\">\n<p>Id\u00e9ale pour conclure une journ\u00e9e productive, cette m\u00e9ditation guid\u00e9e vous accompagne en douceur vers un \u00e9tat de relaxation profonde, de conscience de soi et d&#8217;abandon \u00e0 votre guide int\u00e9rieur et \u00e0 votre moi sup\u00e9rieur. Utilisez-la pour r\u00e9fl\u00e9chir \u00e0 la journ\u00e9e \u00e9coul\u00e9e, en tirer les signes et les le\u00e7ons cl\u00e9s et vous pr\u00e9parer \u00e0 une autre journ\u00e9e exceptionnelle demain.<\/p>\n<\/div>\n<p>&nbsp;<\/p>\n<\/div>\n<\/div>\n<\/div>\n<\/div>\n<\/div>\n<\/div>\n<\/div>\n<\/div>\n","protected":false},"excerpt":{"rendered":"<section class=\"mx-auto w-full p-6 font-extralight text-gray-700 md:my-12 md:w-4\/5 md:p-0 md:text-center\" data-testid=\"quest-description\">\n<div class=\"mv-container\" data-v-aa593756=\"\">\n<div class=\"grid gap-4 lg_gap-6 lg_text-center text-left lg_w-5\/6 mx-auto\" data-v-aa593756=\"\">\n<div class=\"pb-markdown min-h-fit mv-type--titlebold3 storyblok__outline\" data-v-65686310=\"\" data-blok-c=\"undefined\" data-blok-uid=\"undefined\">\n<h4>Lib\u00e9rez votre intelligence intuitive avec Sonia Choquette<\/h4>\n<\/div>\n<\/div>\n<\/div>\n<\/section>\n<section class=\"flex flex-col items-center md:flex-row\" data-testid=\"author-info\">\n<div class=\"w-full p-6 pb-0 md:pb-6\">\n<p>\u2705 Le\u00e7on 21<\/p>\n<p>\u23f1 6 Heures 14 Minutes<\/p>\n<p>\ud83d\udc42\ud83c\udffbAudio en fran\u00e7ais<\/p>\n<p>Acc\u00e9der \u00e0 Google Drive<\/p>\n<\/div>\n<\/section>\n","protected":false},"featured_media":2719,"comment_status":"open","ping_status":"closed","template":"","meta":{"site-sidebar-layout":"default","site-content-layout":"default","ast-global-header-display":"","ast-banner-title-visibility":"","ast-main-header-display":"","ast-hfb-above-header-display":"","ast-hfb-below-header-display":"","ast-hfb-mobile-header-display":"","site-post-title":"","ast-breadcrumbs-content":"","ast-featured-img":"","footer-sml-layout":"","theme-transparent-header-meta":"default","adv-header-id-meta":"","stick-header-meta":"","header-above-stick-meta":"","header-main-stick-meta":"","header-below-stick-meta":"","_joinchat":[]},"product_cat":[18,19,49],"product_tag":[],"jetpack_sharing_enabled":true,"_links":{"self":[{"href":"https:\/\/karlydigitalcourses.com\/index.php\/wp-json\/wp\/v2\/product\/2718"}],"collection":[{"href":"https:\/\/karlydigitalcourses.com\/index.php\/wp-json\/wp\/v2\/product"}],"about":[{"href":"https:\/\/karlydigitalcourses.com\/index.php\/wp-json\/wp\/v2\/types\/product"}],"replies":[{"embeddable":true,"href":"https:\/\/karlydigitalcourses.com\/index.php\/wp-json\/wp\/v2\/comments?post=2718"}],"wp:featuredmedia":[{"embeddable":true,"href":"https:\/\/karlydigitalcourses.com\/index.php\/wp-json\/wp\/v2\/media\/2719"}],"wp:attachment":[{"href":"https:\/\/karlydigitalcourses.com\/index.php\/wp-json\/wp\/v2\/media?parent=2718"}],"wp:term":[{"taxonomy":"product_cat","embeddable":true,"href":"https:\/\/karlydigitalcourses.com\/index.php\/wp-json\/wp\/v2\/product_cat?post=2718"},{"taxonomy":"product_tag","embeddable":true,"href":"https:\/\/karlydigitalcourses.com\/index.php\/wp-json\/wp\/v2\/product_tag?post=2718"}],"curies":[{"name":"wp","href":"https:\/\/api.w.org\/{rel}","templated":true}]}}