{"id":2720,"date":"2025-06-29T15:52:27","date_gmt":"2025-06-29T20:52:27","guid":{"rendered":"https:\/\/karlydigitalcourses.com\/?post_type=product&#038;p=2720"},"modified":"2025-06-29T15:52:27","modified_gmt":"2025-06-29T20:52:27","slug":"wildfit-en-francais-by-eric-edmeades-mindvalley","status":"publish","type":"product","link":"https:\/\/karlydigitalcourses.com\/index.php\/producto\/wildfit-en-francais-by-eric-edmeades-mindvalley\/","title":{"rendered":"WildFit En Fran\u00e7ais &#8211; by Eric Edmeades Mindvalley"},"content":{"rendered":"<h4 style=\"text-align: center;\">Et si vous pouviez modifier d\u00e9finitivement votre rapport \u00e0 la nourriture, et par cons\u00e9quent \u00e0 votre corps, en seulement 90 jours ?<\/h4>\n<p>&nbsp;<\/p>\n<p>Tous les jours, des gens modifient leurs habitudes alimentaires \u00e0 court terme. C\u2019est ce que l\u2019on appelle faire un r\u00e9gime.<\/p>\n<p><strong>Mais les r\u00e9gimes modernes ne fonctionnent pas.<\/strong><\/p>\n<p>&nbsp;<\/p>\n<p>Pour obtenir des r\u00e9sultats qui transforment votre vie de fa\u00e7on permanente, vous avez besoin d&#8217;un syst\u00e8me simple qui change vos croyances alimentaires, vos habitudes et votre rapport \u00e0 la nourriture UNE BONNE FOIS POUR TOUTE.<\/p>\n<p>&nbsp;<\/p>\n<p><strong>Une nouvelle m\u00e9thodologie efficace et puissante pour retrouver la forme physique et la sant\u00e9<\/strong>, qui puise son inspiration dans la m\u00e9decine \u00e9volutive et fonctionnelle ainsi que l\u2019anthropologie nutritionnelle&#8230;<\/p>\n<p>&nbsp;<\/p>\n<p>et utilise la psychologie comportementale pour changer de fa\u00e7on durable les associations faites par votre cerveau en ce qui concerne les aliments, notamment sa r\u00e9ponse aux\u00a0<strong>Six Faims Humaines<\/strong>&#8230;<\/p>\n<p>&nbsp;<\/p>\n<p>Ainsi, ni l\u2019argent que l\u2019industrie alimentaire investit dans la publicit\u00e9, ni les pressions sociales, ne vous pousseront plus jamais \u00e0 adopter une mauvaise alimentation.<\/p>\n<p>&nbsp;<\/p>\n<p>Cette m\u00e9thodologie s\u2019attaque aux cinq raisons principales pour lesquelles vous avez \u00e9chou\u00e9 dans votre tentative d\u2019avoir le corps dont vous avez toujours r\u00eav\u00e9. Elle vous guide, pas \u00e0 pas, \u00e0 travers un processus simple pour apporter des changements permanents et durables\u00a0<strong>sans jamais avoir faim et en conservant toujours un sentiment de libert\u00e9 abondante<\/strong>. Cette m\u00e9thode s&#8217;appelle :<\/p>\n<p>&nbsp;<\/p>\n<div class=\"mv-container min-h-fit storyblok__outline\" data-v-65686310=\"\" data-blok-c=\"undefined\" data-blok-uid=\"undefined\">\n<div class=\"w-full text-center lg_w-2\/3 mx-auto min-h-fit storyblok__outline\" data-v-65686310=\"\" data-blok-c=\"undefined\" data-blok-uid=\"undefined\">\n<div class=\"pb-markdown min-h-fit mv-type--titlebold5 text-center mt-7 md_mt-12 storyblok__outline\" data-v-65686310=\"\" data-blok-c=\"undefined\" data-blok-uid=\"undefined\">\n<p>WildFit : 90 jours pour retrouver naturellement le meilleur de vous-m\u00eame<\/p>\n<\/div>\n<\/div>\n<\/div>\n<section id=\"19\" class=\"pb-Container 90-days-list min-h-fit storyblok__outline\" data-name=\"90 Days List\" data-blok-c=\"undefined\" data-blok-uid=\"undefined\" data-gtm-vis-first-on-screen8173274_1216=\"163515\" data-gtm-vis-total-visible-time8173274_1216=\"100\" data-gtm-vis-has-fired8173274_1216=\"1\">\n<div id=\"\" class=\"mv-container mb-7 md_mt-9 min-h-fit storyblok__outline\" data-v-65686310=\"\" data-blok-c=\"undefined\" data-blok-uid=\"undefined\">\n<div class=\"pb-markdown min-h-fit lg_w-2\/3 mx-auto mv-type--titlebold8 mv-list__number --spacious storyblok__outline\" data-v-65686310=\"\" data-blok-c=\"undefined\" data-blok-uid=\"undefined\">\n<ol>\n<li>Les principes d&#8217;une sant\u00e9 durable\n<p class=\"mv-type--body\">WildFit est une m\u00e9thode de sant\u00e9 influenc\u00e9e par le r\u00e9gime pal\u00e9o, qui s&#8217;inspire largement de l&#8217;histoire de l&#8217;\u00e9volution humaine et du mode de vie des communaut\u00e9s modernes de chasseurs-cueilleurs. Le programme WildFit est bas\u00e9 sur deux principes cl\u00e9s : \u00ab chaque \u00eatre vivant a son propre r\u00e9gime alimentaire \u00bb, et la long\u00e9vit\u00e9 et la sant\u00e9 d\u2019une esp\u00e8ce se mesurent \u00e0 sa capacit\u00e9 \u00e0 suivre ce r\u00e9gime. On sait que ces principes existent depuis au moins 5 \u00e0 6 millions d&#8217;ann\u00e9es.<\/p>\n<\/li>\n<li>Une psychologie comportementale puissante\n<p class=\"mv-type--body\">Le cr\u00e9ateur du programme WildFit, Eric Edmeades, est conf\u00e9rencier professionnel et mentor en affaires depuis 20 ans. Il comprend les comportements humains et sait comment provoquer des changements durable en vous. La structure du programme de WildFit est bas\u00e9e sur de puissantes techniques de psychologie comportementale qui aident \u00e0 mettre en place les changements que vous souhaitez, de fa\u00e7on rapide et facile.<\/p>\n<\/li>\n<li>Un micro-apprentissage qui s\u2019adapte \u00e0 vos journ\u00e9es les plus remplies\n<p class=\"mv-type--body\">Avec les programmes traditionnels, vous investissez dans un cours et l&#8217;\u00e9tudiez \u00e0 votre rythme pendant environ 8 \u00e0 10 heures. C\u2019est un processus qui ne provoque aucun enthousiasme ni aucune responsabilisation. Vous n\u2019avez plus besoin de trouver le temps pour suivre des cours de 10 heures.<\/p>\n<\/li>\n<li>Ni fringale ni sport\n<p class=\"mv-type--body\">Le programme WildFit est soigneusement con\u00e7u pour que vous n&#8217;ayez PAS de fringale et que vous ne soyez pas oblig\u00e9 de faire du sport. Il s\u2019agit de trouver l&#8217;\u00e9quilibre nutritionnel et de r\u00e9\u00e9valuer votre alimentation, votre niveau d&#8217;\u00e9nergie et votre sommeil afin qu\u2019une fois pr\u00eat, vous puissiez r\u00e9ellement prendre du plaisir dans une pratique sportive. Vous ne redouterez plus ce moment comme auparavant.<\/p>\n<\/li>\n<li>Des r\u00e9sultats en 90 jours\n<p class=\"mv-type--body\">La plupart des personnes savent d\u00e9j\u00e0 (ou pensent savoir) ce qu&#8217;elles doivent manger et ce qu&#8217;elles doivent \u00e9viter pour atteindre leurs objectifs de sant\u00e9. Le probl\u00e8me est qu\u2019elles \u00e9chouent souvent \u00e0 suivre les r\u00e8gles qu\u2019elles se sont impos\u00e9es. Elles font des exceptions qui deviennent progressivement la r\u00e8gle. Mais la structure bien d\u00e9finie en 90 jours du programme WildFit parvient \u00e0 briser le conditionnement de la plupart des personnes assez longtemps pour que le changement perdure.<\/p>\n<\/li>\n<li>Travaillez avec les six Faims Humaines\n<p class=\"mv-type--body\">La plupart des personnes mangent beaucoup plus ou beaucoup moins que ce dont elles ont besoin et bien souvent, elles jonglent entre les deux. Elles mangent en trop grande quantit\u00e9 ce qu\u2019elles ne devraient pas manger, et en trop petite ce qui leur est essentiel. Gr\u00e2ce au programme WildFit, vous apprendrez quelles sont les SIX PRINCIPALES FAIMS HUMAINES, afin d\u2019interpr\u00e9ter ce qu\u2019essaie de vous dire votre corps et lui donner ce dont il a vraiment besoin.<\/p>\n<\/li>\n<li>Le programme Wildfit ne requiert aucun suppl\u00e9ment alimentaire\n<p class=\"mv-type--body\">Les aliments biologiques plus sains peuvent parfois \u00eatre un peu plus co\u00fbteux, mais vous n\u2019aurez pas \u00e0 acheter de compl\u00e9ments, de suppl\u00e9ments, ni quoi que ce soit d\u2019autre. Nous sommes fondamentalement contre les r\u00e9gimes con\u00e7us pour vous faire acheter des \u00ab aliments sp\u00e9ciaux \u00bb ou des \u00ab boissons \u00e9nergisantes \u00bb pour compl\u00e9ter le programme. Au lieu de cela, nous vous proposons de prendre conscience, semaine apr\u00e8s semaine, de votre rapport \u00e0 la nourriture. Le programme WildFit modifie radicalement votre corps en un temps record, et vous n\u2019aurez plus jamais \u00e0 nous acheter quoi que ce soit.<\/p>\n<\/li>\n<\/ol>\n<p>&nbsp;<\/p>\n<div class=\"mv-container min-h-fit storyblok__outline\" data-v-65686310=\"\" data-blok-c=\"undefined\" data-blok-uid=\"undefined\">\n<div class=\"w-full text-center lg_w-2\/3 mx-auto min-h-fit storyblok__outline\" data-v-65686310=\"\" data-blok-c=\"undefined\" data-blok-uid=\"undefined\">\n<div class=\"pb-markdown min-h-fit mv-type--titlebold4 text-center mb-8 md_mb-10 lg_mb-12 storyblok__outline\" data-v-65686310=\"\" data-blok-c=\"undefined\" data-blok-uid=\"undefined\">\n<h2 style=\"text-align: center;\">Le Curriculum<\/h2>\n<\/div>\n<\/div>\n<\/div>\n<div id=\"\" class=\"mv-container min-h-fit storyblok__outline\" data-v-65686310=\"\" data-blok-c=\"undefined\" data-blok-uid=\"undefined\">\n<div class=\"pb-markdown min-h-fit mv-type--titlebold5 text-center mb-8 md_mb-12 lg_mb-16 lg_w-2\/3 mx-auto storyblok__outline\" data-v-65686310=\"\" data-blok-c=\"undefined\" data-blok-uid=\"undefined\">\n<p style=\"text-align: center;\">Explorez le programme WildFit<\/p>\n<p>&nbsp;<\/p>\n<\/div>\n<p><img fetchpriority=\"high\" decoding=\"async\" class=\"aligncenter\" src=\"https:\/\/storyblok-cdn.mindvalley.com\/f\/60579\/2068x1110\/8a79724cda\/wf_sp_devices_curriculum_fr.jpg?quality=60&amp;auto=webp&amp;dpr=1.25&amp;width=auto\" alt=\"WILDFIT on multiple devices\" width=\"696\" height=\"374\" \/><\/p>\n<\/div>\n<p>Le programme WildFit est un programme de\u00a0<strong>coaching de 90 jours<\/strong>\u00a0qui modifie de fa\u00e7on permanente votre rapport \u00e0 la nourriture, et vous permet de retrouver votre poids et votre sant\u00e9 optimaux.<\/p>\n<p>&nbsp;<\/p>\n<p>WildFit ne ressemble \u00e0 aucun autre r\u00e9gime ou programme nutritionnel que vous avez pu essayer dans le pass\u00e9. Il ne s&#8217;agit pas de vous dire de manger plus de ceci et moins de cela. Il n&#8217;est pas non plus question de r\u00e9gimes ou de pratiques sportives drastiques.<\/p>\n<p>&nbsp;<\/p>\n<p>Au lieu de cela, vous \u00eates guid\u00e9 \u00e0 travers des informations nutritionnelles r\u00e9v\u00e9latrices et de puissants outils de transformation comportementale qui vous reprogramment pour instinctivement s\u00e9lectionner ce qui est bon pour vous, et \u00e9viter ce qui ne l&#8217;est pas. Sans motivation, acharnement ni rechutes.<\/p>\n<p>&nbsp;<\/p>\n<p>\u00c0 la fin des 90 jours, vous n\u2019aurez m\u00eame plus envie de certains aliments que vous consommiez depuis des ann\u00e9es.<\/p>\n<p>&nbsp;<\/p>\n<p>Vous aurez \u00e9galement acc\u00e8s \u00e0 des informations pour vous aider dans votre programme, notamment des guides, des recettes et d&#8217;autres ressources.<\/p>\n<\/div>\n<\/div>\n<\/section>\n","protected":false},"excerpt":{"rendered":"<section class=\"mx-auto w-full p-6 font-extralight text-gray-700 md:my-12 md:w-4\/5 md:p-0 md:text-center\" data-testid=\"quest-description\">\n<div class=\"mv-container\" data-v-aa593756=\"\">\n<div class=\"grid gap-4 lg_gap-6 lg_text-center text-left lg_w-5\/6 mx-auto\" data-v-aa593756=\"\">\n<div class=\"pb-markdown min-h-fit mv-type--titlebold3 storyblok__outline\" data-v-65686310=\"\" data-blok-c=\"undefined\" data-blok-uid=\"undefined\">\n<h4>B\u00e9n\u00e9ficiez d\u2019une am\u00e9lioration garantie de votre sant\u00e9 et de votre forme physique en 90 jours, sans r\u00e9gimes \u00e0 la mode, sans exercice ni changements radicaux de style de vie, simplement en changeant votre relation avec la nourriture.<\/h4>\n<\/div>\n<\/div>\n<\/div>\n<\/section>\n<section class=\"flex flex-col items-center md:flex-row\" data-testid=\"author-info\">\n<div class=\"w-full p-6 pb-0 md:pb-6\">\n<p>\u2705 Le\u00e7on 90<\/p>\n<p>\u23f1 45 Heures 2 Minutes<\/p>\n<p>\ud83d\udc42\ud83c\udffbAudio en fran\u00e7ais<\/p>\n<p>Acc\u00e9der \u00e0 Google Drive<\/p>\n<\/div>\n<\/section>\n","protected":false},"featured_media":2721,"comment_status":"open","ping_status":"closed","template":"","meta":{"site-sidebar-layout":"default","site-content-layout":"default","ast-global-header-display":"","ast-banner-title-visibility":"","ast-main-header-display":"","ast-hfb-above-header-display":"","ast-hfb-below-header-display":"","ast-hfb-mobile-header-display":"","site-post-title":"","ast-breadcrumbs-content":"","ast-featured-img":"","footer-sml-layout":"","theme-transparent-header-meta":"default","adv-header-id-meta":"","stick-header-meta":"","header-above-stick-meta":"","header-main-stick-meta":"","header-below-stick-meta":"","_joinchat":[]},"product_cat":[18,19,49],"product_tag":[],"jetpack_sharing_enabled":true,"_links":{"self":[{"href":"https:\/\/karlydigitalcourses.com\/index.php\/wp-json\/wp\/v2\/product\/2720"}],"collection":[{"href":"https:\/\/karlydigitalcourses.com\/index.php\/wp-json\/wp\/v2\/product"}],"about":[{"href":"https:\/\/karlydigitalcourses.com\/index.php\/wp-json\/wp\/v2\/types\/product"}],"replies":[{"embeddable":true,"href":"https:\/\/karlydigitalcourses.com\/index.php\/wp-json\/wp\/v2\/comments?post=2720"}],"wp:featuredmedia":[{"embeddable":true,"href":"https:\/\/karlydigitalcourses.com\/index.php\/wp-json\/wp\/v2\/media\/2721"}],"wp:attachment":[{"href":"https:\/\/karlydigitalcourses.com\/index.php\/wp-json\/wp\/v2\/media?parent=2720"}],"wp:term":[{"taxonomy":"product_cat","embeddable":true,"href":"https:\/\/karlydigitalcourses.com\/index.php\/wp-json\/wp\/v2\/product_cat?post=2720"},{"taxonomy":"product_tag","embeddable":true,"href":"https:\/\/karlydigitalcourses.com\/index.php\/wp-json\/wp\/v2\/product_tag?post=2720"}],"curies":[{"name":"wp","href":"https:\/\/api.w.org\/{rel}","templated":true}]}}